{"id":2919,"date":"2017-08-29T10:33:22","date_gmt":"2017-08-29T16:33:22","guid":{"rendered":"http:\/\/sonriacr.com\/restored\/dentaduras-parciales\/"},"modified":"2020-07-16T09:40:31","modified_gmt":"2020-07-16T15:40:31","slug":"dentaduras-completas-y-parciales","status":"publish","type":"page","link":"https:\/\/sonriacr.com\/es\/dentaduras-completas-y-parciales\/","title":{"rendered":"Pr\u00f3tesis Dentales Completas y Parciales"},"content":{"rendered":"\n<h2 class=\"wp-block-heading\">Pr\u00f3tesis Dentales Completas y Parciales<\/h2>\n\n\n\n<div class=\"wp-block-image\"><figure class=\"alignleft size-large is-resized\"><a href=\"http:\/\/sonriacr.com\/wp-content\/uploads\/2017\/08\/costa-rica-full-dentures-partial-dentures.jpg\"><img loading=\"lazy\" decoding=\"async\" src=\"https:\/\/sonriacr.com\/wp-content\/uploads\/2020\/07\/full-partial-dentures.jpg\" alt=\"Full and Partial Dentures\" class=\"wp-image-4526\" width=\"299\" height=\"393\" srcset=\"https:\/\/sonriacr.com\/wp-content\/uploads\/2020\/07\/full-partial-dentures.jpg 400w, https:\/\/sonriacr.com\/wp-content\/uploads\/2020\/07\/full-partial-dentures-228x300.jpg 228w, https:\/\/sonriacr.com\/wp-content\/uploads\/2020\/07\/full-partial-dentures-111x146.jpg 111w, https:\/\/sonriacr.com\/wp-content\/uploads\/2020\/07\/full-partial-dentures-38x50.jpg 38w, https:\/\/sonriacr.com\/wp-content\/uploads\/2020\/07\/full-partial-dentures-57x75.jpg 57w\" sizes=\"auto, (max-width:767px) 299px, 299px\" \/><\/a><\/figure><\/div>\n\n\n\n<p><strong><\/strong><span id=\"result_box\" class=\"\" lang=\"es\"><span title=\"What is a denture?\">\u00bfQu\u00e9 es una dentadura postiza? <\/span><span title=\"Dentures are dental prostheses used to replace missing teeth.\">Las dentaduras postizas son pr\u00f3tesis dentales que se usan para reemplazar los dientes faltantes. <\/span><span title=\"They are almost always used in patients that have lost all or almost all of their teeth, due to disease or trauma.\">Casi siempre se utilizan en pacientes que han perdido todos o casi todos sus dientes debido a una enfermedad o trauma. <\/span><span title=\"Patients missing only a few teeth may be best served with partial dentures.\">Los pacientes a los que les faltan solo unos pocos dientes pueden ser mejor atendidos con dentaduras parciales. <\/span><\/span><\/p>\n\n\n\n<p>Los pacientes que han perdido muchos dientes pueden beneficiarse con dentaduras postizas completas.<\/p>\n\n\n\n<p><span title=\"Today, dental implants are a preferred option for restoring lost teeth.\">Hoy en d\u00eda, los implantes dentales son la opci\u00f3n preferida para restaurar los dientes perdidos. <\/span><span title=\"However, some patients prefer Costa Rica Dentures because they are less expensive than dental implants or because of other health issues that may restrict some patients from dental surgery. \">Sin embargo, algunos pacientes prefieren las dentaduras porque son menos costosas que los implantes dentales o debido a otros problemas de salud que pueden restringir a algunos pacientes de la cirug\u00eda dental.<\/span><\/p>\n\n\n\n<p><span title=\"Medical conditions that might prevent a patient from qualifying for dental implants could include diabetes, certain types of cancer, or bad blood circulation.\">Las afecciones m\u00e9dicas que pueden evitar que un paciente califique para implantes dentales pueden incluir diabetes, ciertos tipos de c\u00e1ncer o mala circulaci\u00f3n sangu\u00ednea. <\/span><span title=\"Dentures may be recommended for the following patients: &nbsp;&nbsp;&nbsp;&nbsp;\">Se pueden recomendar pr\u00f3tesis dentales para los siguientes pacientes:<\/span><\/p>\n\n\n\n<ul class=\"wp-block-list\"><li><span title=\"Patients with a long history of smoking &nbsp;&nbsp;&nbsp;&nbsp;\">Pacientes con una larga historia de tabaquismo<\/span><\/li><li><span title=\"Patients that take anti-coagulants &nbsp;&nbsp;&nbsp;&nbsp;\">Pacientes que toman anticoagulantes<\/span><\/li><li><span title=\"Patients who don\u2019t have enough jawbone needed for dental implants &nbsp;&nbsp;&nbsp;&nbsp;\">Pacientes que no tienen suficiente mand\u00edbula como para implantes dentales<\/span><\/li><li><span title=\"Patients who are too young and are not ready yet for a permanent solution &nbsp;&nbsp;&nbsp;&nbsp;\">Pacientes que son demasiado j\u00f3venes y a\u00fan no est\u00e1n listos para una soluci\u00f3n permanente<\/span><\/li><li><span title=\"Patients that cannot or do not wish to have dental surgery \">Pacientes que no pueden o no desean someterse a una cirug\u00eda dental<\/span><\/li><\/ul>\n\n\n\n<p><span title=\"Costa Rica Dentures restore natural chewing functions, encourage normal speech and allow the patient to eat almost all types of food.\">Las dentaduras restauran las funciones naturales de masticaci\u00f3n, fomentan el habla normal y permiten que el paciente coma casi todos los tipos de alimentos. <\/span><span title=\"They also restore a natural-looking smile and facial profile.\">Tambi\u00e9n restauran una sonrisa de aspecto natural y un perfil facial. <\/span><span title=\"Costa Rica Dentures are a \u201ctried and true\u201d solution and an affordable solution for many that cannot afford dental implants.\">Las dentaduras son una soluci\u00f3n \u00abprobada y verdadera\u00bb y una soluci\u00f3n asequible para muchos que no pueden pagar los implantes dentales. <\/span><span title=\"Contact Sonria Dental Boutique today to discover whether dentures are the right solution for your needs or fill out the following form.\">P\u00f3ngase en contacto con Sonria Dental Boutique hoy para descubrir si las dentaduras son la soluci\u00f3n adecuada para sus necesidades o complete el siguiente formulario.<\/span><\/p>\n","protected":false},"excerpt":{"rendered":"<p>Pr\u00f3tesis Dentales Completas y Parciales \u00bfQu\u00e9 es una dentadura postiza? Las dentaduras postizas son pr\u00f3tesis dentales que se usan para reemplazar los dientes faltantes. Casi siempre<span class=\"excerpt-hellip\"> [\u2026]<\/span><\/p>\n","protected":false},"author":2,"featured_media":0,"parent":0,"menu_order":0,"comment_status":"closed","ping_status":"closed","template":"","meta":{"footnotes":""},"class_list":["post-2919","page","type-page","status-publish","hentry"],"yoast_head":"<!-- This site is optimized with the Yoast SEO plugin v27.4 - https:\/\/yoast.com\/product\/yoast-seo-wordpress\/ -->\n<title>Pr\u00f3tesis Dentales Completas y Parciales - Costa Rica Dental Implants at Sonria Dental Clinic<\/title>\n<meta name=\"robots\" content=\"index, follow, max-snippet:-1, max-image-preview:large, max-video-preview:-1\" \/>\n<link rel=\"canonical\" href=\"https:\/\/sonriacr.com\/es\/dentaduras-completas-y-parciales\/\" \/>\n<meta name=\"twitter:label1\" content=\"Tiempo de lectura\" \/>\n\t<meta name=\"twitter:data1\" content=\"2 minutos\" \/>\n<script type=\"application\/ld+json\" class=\"yoast-schema-graph\">{\"@context\":\"https:\\\/\\\/schema.org\",\"@graph\":[{\"@type\":\"WebPage\",\"@id\":\"https:\\\/\\\/sonriacr.com\\\/es\\\/dentaduras-completas-y-parciales\\\/\",\"url\":\"https:\\\/\\\/sonriacr.com\\\/es\\\/dentaduras-completas-y-parciales\\\/\",\"name\":\"Pr\u00f3tesis Dentales Completas y Parciales - Costa Rica Dental Implants at Sonria Dental Clinic\",\"isPartOf\":{\"@id\":\"https:\\\/\\\/sonriacr.com\\\/es\\\/#website\"},\"primaryImageOfPage\":{\"@id\":\"https:\\\/\\\/sonriacr.com\\\/es\\\/dentaduras-completas-y-parciales\\\/#primaryimage\"},\"image\":{\"@id\":\"https:\\\/\\\/sonriacr.com\\\/es\\\/dentaduras-completas-y-parciales\\\/#primaryimage\"},\"thumbnailUrl\":\"https:\\\/\\\/sonriacr.com\\\/wp-content\\\/uploads\\\/2020\\\/07\\\/full-partial-dentures.jpg\",\"datePublished\":\"2017-08-29T16:33:22+00:00\",\"dateModified\":\"2020-07-16T15:40:31+00:00\",\"breadcrumb\":{\"@id\":\"https:\\\/\\\/sonriacr.com\\\/es\\\/dentaduras-completas-y-parciales\\\/#breadcrumb\"},\"inLanguage\":\"es\",\"potentialAction\":[{\"@type\":\"ReadAction\",\"target\":[\"https:\\\/\\\/sonriacr.com\\\/es\\\/dentaduras-completas-y-parciales\\\/\"]}]},{\"@type\":\"ImageObject\",\"inLanguage\":\"es\",\"@id\":\"https:\\\/\\\/sonriacr.com\\\/es\\\/dentaduras-completas-y-parciales\\\/#primaryimage\",\"url\":\"https:\\\/\\\/sonriacr.com\\\/wp-content\\\/uploads\\\/2020\\\/07\\\/full-partial-dentures.jpg\",\"contentUrl\":\"https:\\\/\\\/sonriacr.com\\\/wp-content\\\/uploads\\\/2020\\\/07\\\/full-partial-dentures.jpg\"},{\"@type\":\"BreadcrumbList\",\"@id\":\"https:\\\/\\\/sonriacr.com\\\/es\\\/dentaduras-completas-y-parciales\\\/#breadcrumb\",\"itemListElement\":[{\"@type\":\"ListItem\",\"position\":1,\"name\":\"Home\",\"item\":\"https:\\\/\\\/sonriacr.com\\\/es\\\/\"},{\"@type\":\"ListItem\",\"position\":2,\"name\":\"Pr\u00f3tesis Dentales Completas y Parciales\"}]},{\"@type\":\"WebSite\",\"@id\":\"https:\\\/\\\/sonriacr.com\\\/es\\\/#website\",\"url\":\"https:\\\/\\\/sonriacr.com\\\/es\\\/\",\"name\":\"Costa Rica Dental Implants at Sonria Dental Clinic\",\"description\":\"Costa Rica Dental Implants at Affordable Costa Rica Dental Prices - Sonria Dental Clinic\",\"publisher\":{\"@id\":\"https:\\\/\\\/sonriacr.com\\\/es\\\/#organization\"},\"potentialAction\":[{\"@type\":\"SearchAction\",\"target\":{\"@type\":\"EntryPoint\",\"urlTemplate\":\"https:\\\/\\\/sonriacr.com\\\/es\\\/?s={search_term_string}\"},\"query-input\":{\"@type\":\"PropertyValueSpecification\",\"valueRequired\":true,\"valueName\":\"search_term_string\"}}],\"inLanguage\":\"es\"},{\"@type\":\"Organization\",\"@id\":\"https:\\\/\\\/sonriacr.com\\\/es\\\/#organization\",\"name\":\"Sonria Dental Clinic\",\"url\":\"https:\\\/\\\/sonriacr.com\\\/es\\\/\",\"logo\":{\"@type\":\"ImageObject\",\"inLanguage\":\"es\",\"@id\":\"https:\\\/\\\/sonriacr.com\\\/es\\\/#\\\/schema\\\/logo\\\/image\\\/\",\"url\":\"https:\\\/\\\/sonriacr.com\\\/wp-content\\\/uploads\\\/2019\\\/06\\\/logosmall.png\",\"contentUrl\":\"https:\\\/\\\/sonriacr.com\\\/wp-content\\\/uploads\\\/2019\\\/06\\\/logosmall.png\",\"width\":166,\"height\":60,\"caption\":\"Sonria Dental Clinic\"},\"image\":{\"@id\":\"https:\\\/\\\/sonriacr.com\\\/es\\\/#\\\/schema\\\/logo\\\/image\\\/\"}}]}<\/script>\n<!-- \/ Yoast SEO plugin. -->","yoast_head_json":{"title":"Pr\u00f3tesis Dentales Completas y Parciales - Costa Rica Dental Implants at Sonria Dental Clinic","robots":{"index":"index","follow":"follow","max-snippet":"max-snippet:-1","max-image-preview":"max-image-preview:large","max-video-preview":"max-video-preview:-1"},"canonical":"https:\/\/sonriacr.com\/es\/dentaduras-completas-y-parciales\/","twitter_misc":{"Tiempo de lectura":"2 minutos"},"schema":{"@context":"https:\/\/schema.org","@graph":[{"@type":"WebPage","@id":"https:\/\/sonriacr.com\/es\/dentaduras-completas-y-parciales\/","url":"https:\/\/sonriacr.com\/es\/dentaduras-completas-y-parciales\/","name":"Pr\u00f3tesis Dentales Completas y Parciales - Costa Rica Dental Implants at Sonria Dental Clinic","isPartOf":{"@id":"https:\/\/sonriacr.com\/es\/#website"},"primaryImageOfPage":{"@id":"https:\/\/sonriacr.com\/es\/dentaduras-completas-y-parciales\/#primaryimage"},"image":{"@id":"https:\/\/sonriacr.com\/es\/dentaduras-completas-y-parciales\/#primaryimage"},"thumbnailUrl":"https:\/\/sonriacr.com\/wp-content\/uploads\/2020\/07\/full-partial-dentures.jpg","datePublished":"2017-08-29T16:33:22+00:00","dateModified":"2020-07-16T15:40:31+00:00","breadcrumb":{"@id":"https:\/\/sonriacr.com\/es\/dentaduras-completas-y-parciales\/#breadcrumb"},"inLanguage":"es","potentialAction":[{"@type":"ReadAction","target":["https:\/\/sonriacr.com\/es\/dentaduras-completas-y-parciales\/"]}]},{"@type":"ImageObject","inLanguage":"es","@id":"https:\/\/sonriacr.com\/es\/dentaduras-completas-y-parciales\/#primaryimage","url":"https:\/\/sonriacr.com\/wp-content\/uploads\/2020\/07\/full-partial-dentures.jpg","contentUrl":"https:\/\/sonriacr.com\/wp-content\/uploads\/2020\/07\/full-partial-dentures.jpg"},{"@type":"BreadcrumbList","@id":"https:\/\/sonriacr.com\/es\/dentaduras-completas-y-parciales\/#breadcrumb","itemListElement":[{"@type":"ListItem","position":1,"name":"Home","item":"https:\/\/sonriacr.com\/es\/"},{"@type":"ListItem","position":2,"name":"Pr\u00f3tesis Dentales Completas y Parciales"}]},{"@type":"WebSite","@id":"https:\/\/sonriacr.com\/es\/#website","url":"https:\/\/sonriacr.com\/es\/","name":"Costa Rica Dental Implants at Sonria Dental Clinic","description":"Costa Rica Dental Implants at Affordable Costa Rica Dental Prices - Sonria Dental Clinic","publisher":{"@id":"https:\/\/sonriacr.com\/es\/#organization"},"potentialAction":[{"@type":"SearchAction","target":{"@type":"EntryPoint","urlTemplate":"https:\/\/sonriacr.com\/es\/?s={search_term_string}"},"query-input":{"@type":"PropertyValueSpecification","valueRequired":true,"valueName":"search_term_string"}}],"inLanguage":"es"},{"@type":"Organization","@id":"https:\/\/sonriacr.com\/es\/#organization","name":"Sonria Dental Clinic","url":"https:\/\/sonriacr.com\/es\/","logo":{"@type":"ImageObject","inLanguage":"es","@id":"https:\/\/sonriacr.com\/es\/#\/schema\/logo\/image\/","url":"https:\/\/sonriacr.com\/wp-content\/uploads\/2019\/06\/logosmall.png","contentUrl":"https:\/\/sonriacr.com\/wp-content\/uploads\/2019\/06\/logosmall.png","width":166,"height":60,"caption":"Sonria Dental Clinic"},"image":{"@id":"https:\/\/sonriacr.com\/es\/#\/schema\/logo\/image\/"}}]}},"_links":{"self":[{"href":"https:\/\/sonriacr.com\/es\/wp-json\/wp\/v2\/pages\/2919","targetHints":{"allow":["GET"]}}],"collection":[{"href":"https:\/\/sonriacr.com\/es\/wp-json\/wp\/v2\/pages"}],"about":[{"href":"https:\/\/sonriacr.com\/es\/wp-json\/wp\/v2\/types\/page"}],"author":[{"embeddable":true,"href":"https:\/\/sonriacr.com\/es\/wp-json\/wp\/v2\/users\/2"}],"replies":[{"embeddable":true,"href":"https:\/\/sonriacr.com\/es\/wp-json\/wp\/v2\/comments?post=2919"}],"version-history":[{"count":0,"href":"https:\/\/sonriacr.com\/es\/wp-json\/wp\/v2\/pages\/2919\/revisions"}],"wp:attachment":[{"href":"https:\/\/sonriacr.com\/es\/wp-json\/wp\/v2\/media?parent=2919"}],"curies":[{"name":"wp","href":"https:\/\/api.w.org\/{rel}","templated":true}]}}