{"id":2934,"date":"2017-10-23T15:20:33","date_gmt":"2017-10-23T21:20:33","guid":{"rendered":"http:\/\/sonriacr.com\/restored\/full-mouth-restoration-costa-rica\/"},"modified":"2020-07-14T12:00:12","modified_gmt":"2020-07-14T18:00:12","slug":"restauracion-completa-de-la-boca","status":"publish","type":"page","link":"https:\/\/sonriacr.com\/es\/restauracion-completa-de-la-boca\/","title":{"rendered":"Restauraci\u00f3n Completa de la Boca"},"content":{"rendered":"\n<h2 class=\"wp-block-heading\">Rehabilitaci\u00f3n Completa de Boca<\/h2>\n\n\n\n<div class=\"wp-block-image\"><figure class=\"alignleft size-large is-resized\"><a href=\"http:\/\/sonriacr.com\/wp-content\/uploads\/2017\/08\/full-mouth-restoration-costa-rica.jpg\"><img loading=\"lazy\" decoding=\"async\" src=\"https:\/\/sonriacr.com\/wp-content\/uploads\/2020\/07\/fullMouthRestoration01-1.jpg\" alt=\"Restauraci\u00f3n Completa de Boca en Sonria Dental Clinic Costa Rica\" class=\"wp-image-4530\" width=\"259\" height=\"341\" srcset=\"https:\/\/sonriacr.com\/wp-content\/uploads\/2020\/07\/fullMouthRestoration01-1.jpg 400w, https:\/\/sonriacr.com\/wp-content\/uploads\/2020\/07\/fullMouthRestoration01-1-228x300.jpg 228w, https:\/\/sonriacr.com\/wp-content\/uploads\/2020\/07\/fullMouthRestoration01-1-111x146.jpg 111w, https:\/\/sonriacr.com\/wp-content\/uploads\/2020\/07\/fullMouthRestoration01-1-38x50.jpg 38w, https:\/\/sonriacr.com\/wp-content\/uploads\/2020\/07\/fullMouthRestoration01-1-57x75.jpg 57w\" sizes=\"auto, (max-width:767px) 259px, 259px\" \/><\/a><\/figure><\/div>\n\n\n\n<p>Es posible que haya escuchado a personas hablar sobre la reconstrucci\u00f3n de la boca, la restauraci\u00f3n de la boca, la rehabilitaci\u00f3n de la boca o incluso un cambio de sonrisa. En resumen, estos son t\u00e9rminos diferentes para el mismo proceso. La Restauraci\u00f3n de boca se refiere a una serie de procedimientos que utilizan diferentes tipos de pr\u00f3tesis para restaurar la funci\u00f3n y la apariencia de un conjunto completo de dientes naturales. En t\u00e9rminos generales, una persona que ha perdido todos o la mayor\u00eda de sus dientes o tiene la boca llena de dientes da\u00f1ados o desgastados puede necesitar una restauraci\u00f3n de toda la boca en Costa Rica.<\/p>\n\n\n\n<p>A diferencia de otros tipos de procedimientos dentales, no existe un protocolo est\u00e1ndar para la rehabilitaci\u00f3n de la boca. Cada persona tiene diferentes necesidades \u00fanicas, y un dentista es cr\u00edtico para evaluar el estado de la boca y recomendar los procedimientos que se utilizar\u00e1n para lograr el resultado final. Su dentista har\u00e1 esta recomendaci\u00f3n en funci\u00f3n de la viabilidad, la gravedad del da\u00f1o, la evaluaci\u00f3n de los dientes que se pueden salvar, la cantidad de dientes que deben extraerse, la estructura de la mand\u00edbula y su condici\u00f3n f\u00edsica y m\u00e9dica.<\/p>\n\n\n\n<p><strong>Los especialistas de Sonria Dental Clinic son expertos en reconstrucci\u00f3n bucal completa. Algunos de los procedimientos dentales t\u00edpicamente involucrados en la restauraci\u00f3n de la boca completa en Costa Rica son:<\/strong><\/p>\n\n\n\n<ul class=\"list2 wp-block-list\"><li>Extracci\u00f3n de Dientes<\/li><li>Coronas<\/li><li>Implantes Dentales<\/li><li>Carillas<\/li><li>Soluciones All on 4<\/li><li>Puentes<\/li><li>Dentaduras Parciales<\/li><\/ul>\n\n\n\n<p><strong>Pr\u00f3ximos pasos:<\/strong> <a href=\"https:\/\/sonriacr.com\/contact-us\/\"><strong><\/strong><\/a> Comun\u00edquese con la Cl\u00ednica Dental Sonria para analizar su caso de Restauraci\u00f3n de la boca con un especialista dedicado o complete el formulario a continuaci\u00f3n. Su dentista realizar\u00e1 una evaluaci\u00f3n completa que incluir\u00e1 radiograf\u00edas y pruebas para establecer qu\u00e9 procedimientos dentales ser\u00e1n los m\u00e1s apropiados para su caso.\r\n\r\n<\/p>\n","protected":false},"excerpt":{"rendered":"<p>Rehabilitaci\u00f3n Completa de Boca Es posible que haya escuchado a personas hablar sobre la reconstrucci\u00f3n de la boca, la restauraci\u00f3n de la boca, la rehabilitaci\u00f3n de<span class=\"excerpt-hellip\"> [\u2026]<\/span><\/p>\n","protected":false},"author":2,"featured_media":0,"parent":0,"menu_order":0,"comment_status":"closed","ping_status":"closed","template":"","meta":{"footnotes":""},"class_list":["post-2934","page","type-page","status-publish","hentry"],"yoast_head":"<!-- This site is optimized with the Yoast SEO plugin v27.4 - https:\/\/yoast.com\/product\/yoast-seo-wordpress\/ -->\n<title>Restauraci\u00f3n Completa de la Boca<\/title>\n<meta name=\"description\" content=\"Restauraci\u00f3n Completa de la Boca - P\u00f3ngase en contacto con Sonria Dental Clinic para conversar acerca del procedimiento dental que requiere.\" \/>\n<meta name=\"robots\" content=\"index, follow, max-snippet:-1, max-image-preview:large, max-video-preview:-1\" \/>\n<link rel=\"canonical\" href=\"https:\/\/sonriacr.com\/es\/restauracion-completa-de-la-boca\/\" \/>\n<meta name=\"twitter:label1\" content=\"Tiempo de lectura\" \/>\n\t<meta name=\"twitter:data1\" content=\"2 minutos\" \/>\n<script type=\"application\/ld+json\" class=\"yoast-schema-graph\">{\"@context\":\"https:\\\/\\\/schema.org\",\"@graph\":[{\"@type\":\"WebPage\",\"@id\":\"https:\\\/\\\/sonriacr.com\\\/es\\\/restauracion-completa-de-la-boca\\\/\",\"url\":\"https:\\\/\\\/sonriacr.com\\\/es\\\/restauracion-completa-de-la-boca\\\/\",\"name\":\"Restauraci\u00f3n Completa de la Boca\",\"isPartOf\":{\"@id\":\"https:\\\/\\\/sonriacr.com\\\/es\\\/#website\"},\"primaryImageOfPage\":{\"@id\":\"https:\\\/\\\/sonriacr.com\\\/es\\\/restauracion-completa-de-la-boca\\\/#primaryimage\"},\"image\":{\"@id\":\"https:\\\/\\\/sonriacr.com\\\/es\\\/restauracion-completa-de-la-boca\\\/#primaryimage\"},\"thumbnailUrl\":\"https:\\\/\\\/sonriacr.com\\\/wp-content\\\/uploads\\\/2020\\\/07\\\/fullMouthRestoration01-1.jpg\",\"datePublished\":\"2017-10-23T21:20:33+00:00\",\"dateModified\":\"2020-07-14T18:00:12+00:00\",\"description\":\"Restauraci\u00f3n Completa de la Boca - P\u00f3ngase en contacto con Sonria Dental Clinic para conversar acerca del procedimiento dental que requiere.\",\"breadcrumb\":{\"@id\":\"https:\\\/\\\/sonriacr.com\\\/es\\\/restauracion-completa-de-la-boca\\\/#breadcrumb\"},\"inLanguage\":\"es\",\"potentialAction\":[{\"@type\":\"ReadAction\",\"target\":[\"https:\\\/\\\/sonriacr.com\\\/es\\\/restauracion-completa-de-la-boca\\\/\"]}]},{\"@type\":\"ImageObject\",\"inLanguage\":\"es\",\"@id\":\"https:\\\/\\\/sonriacr.com\\\/es\\\/restauracion-completa-de-la-boca\\\/#primaryimage\",\"url\":\"https:\\\/\\\/sonriacr.com\\\/wp-content\\\/uploads\\\/2020\\\/07\\\/fullMouthRestoration01-1.jpg\",\"contentUrl\":\"https:\\\/\\\/sonriacr.com\\\/wp-content\\\/uploads\\\/2020\\\/07\\\/fullMouthRestoration01-1.jpg\"},{\"@type\":\"BreadcrumbList\",\"@id\":\"https:\\\/\\\/sonriacr.com\\\/es\\\/restauracion-completa-de-la-boca\\\/#breadcrumb\",\"itemListElement\":[{\"@type\":\"ListItem\",\"position\":1,\"name\":\"Home\",\"item\":\"https:\\\/\\\/sonriacr.com\\\/es\\\/\"},{\"@type\":\"ListItem\",\"position\":2,\"name\":\"Restauraci\u00f3n Completa de la Boca\"}]},{\"@type\":\"WebSite\",\"@id\":\"https:\\\/\\\/sonriacr.com\\\/es\\\/#website\",\"url\":\"https:\\\/\\\/sonriacr.com\\\/es\\\/\",\"name\":\"Costa Rica Dental Implants at Sonria Dental Clinic\",\"description\":\"Costa Rica Dental Implants at Affordable Costa Rica Dental Prices - Sonria Dental Clinic\",\"publisher\":{\"@id\":\"https:\\\/\\\/sonriacr.com\\\/es\\\/#organization\"},\"potentialAction\":[{\"@type\":\"SearchAction\",\"target\":{\"@type\":\"EntryPoint\",\"urlTemplate\":\"https:\\\/\\\/sonriacr.com\\\/es\\\/?s={search_term_string}\"},\"query-input\":{\"@type\":\"PropertyValueSpecification\",\"valueRequired\":true,\"valueName\":\"search_term_string\"}}],\"inLanguage\":\"es\"},{\"@type\":\"Organization\",\"@id\":\"https:\\\/\\\/sonriacr.com\\\/es\\\/#organization\",\"name\":\"Sonria Dental Clinic\",\"url\":\"https:\\\/\\\/sonriacr.com\\\/es\\\/\",\"logo\":{\"@type\":\"ImageObject\",\"inLanguage\":\"es\",\"@id\":\"https:\\\/\\\/sonriacr.com\\\/es\\\/#\\\/schema\\\/logo\\\/image\\\/\",\"url\":\"https:\\\/\\\/sonriacr.com\\\/wp-content\\\/uploads\\\/2019\\\/06\\\/logosmall.png\",\"contentUrl\":\"https:\\\/\\\/sonriacr.com\\\/wp-content\\\/uploads\\\/2019\\\/06\\\/logosmall.png\",\"width\":166,\"height\":60,\"caption\":\"Sonria Dental Clinic\"},\"image\":{\"@id\":\"https:\\\/\\\/sonriacr.com\\\/es\\\/#\\\/schema\\\/logo\\\/image\\\/\"}}]}<\/script>\n<!-- \/ Yoast SEO plugin. -->","yoast_head_json":{"title":"Restauraci\u00f3n Completa de la Boca","description":"Restauraci\u00f3n Completa de la Boca - P\u00f3ngase en contacto con Sonria Dental Clinic para conversar acerca del procedimiento dental que requiere.","robots":{"index":"index","follow":"follow","max-snippet":"max-snippet:-1","max-image-preview":"max-image-preview:large","max-video-preview":"max-video-preview:-1"},"canonical":"https:\/\/sonriacr.com\/es\/restauracion-completa-de-la-boca\/","twitter_misc":{"Tiempo de lectura":"2 minutos"},"schema":{"@context":"https:\/\/schema.org","@graph":[{"@type":"WebPage","@id":"https:\/\/sonriacr.com\/es\/restauracion-completa-de-la-boca\/","url":"https:\/\/sonriacr.com\/es\/restauracion-completa-de-la-boca\/","name":"Restauraci\u00f3n Completa de la Boca","isPartOf":{"@id":"https:\/\/sonriacr.com\/es\/#website"},"primaryImageOfPage":{"@id":"https:\/\/sonriacr.com\/es\/restauracion-completa-de-la-boca\/#primaryimage"},"image":{"@id":"https:\/\/sonriacr.com\/es\/restauracion-completa-de-la-boca\/#primaryimage"},"thumbnailUrl":"https:\/\/sonriacr.com\/wp-content\/uploads\/2020\/07\/fullMouthRestoration01-1.jpg","datePublished":"2017-10-23T21:20:33+00:00","dateModified":"2020-07-14T18:00:12+00:00","description":"Restauraci\u00f3n Completa de la Boca - P\u00f3ngase en contacto con Sonria Dental Clinic para conversar acerca del procedimiento dental que requiere.","breadcrumb":{"@id":"https:\/\/sonriacr.com\/es\/restauracion-completa-de-la-boca\/#breadcrumb"},"inLanguage":"es","potentialAction":[{"@type":"ReadAction","target":["https:\/\/sonriacr.com\/es\/restauracion-completa-de-la-boca\/"]}]},{"@type":"ImageObject","inLanguage":"es","@id":"https:\/\/sonriacr.com\/es\/restauracion-completa-de-la-boca\/#primaryimage","url":"https:\/\/sonriacr.com\/wp-content\/uploads\/2020\/07\/fullMouthRestoration01-1.jpg","contentUrl":"https:\/\/sonriacr.com\/wp-content\/uploads\/2020\/07\/fullMouthRestoration01-1.jpg"},{"@type":"BreadcrumbList","@id":"https:\/\/sonriacr.com\/es\/restauracion-completa-de-la-boca\/#breadcrumb","itemListElement":[{"@type":"ListItem","position":1,"name":"Home","item":"https:\/\/sonriacr.com\/es\/"},{"@type":"ListItem","position":2,"name":"Restauraci\u00f3n Completa de la Boca"}]},{"@type":"WebSite","@id":"https:\/\/sonriacr.com\/es\/#website","url":"https:\/\/sonriacr.com\/es\/","name":"Costa Rica Dental Implants at Sonria Dental Clinic","description":"Costa Rica Dental Implants at Affordable Costa Rica Dental Prices - Sonria Dental Clinic","publisher":{"@id":"https:\/\/sonriacr.com\/es\/#organization"},"potentialAction":[{"@type":"SearchAction","target":{"@type":"EntryPoint","urlTemplate":"https:\/\/sonriacr.com\/es\/?s={search_term_string}"},"query-input":{"@type":"PropertyValueSpecification","valueRequired":true,"valueName":"search_term_string"}}],"inLanguage":"es"},{"@type":"Organization","@id":"https:\/\/sonriacr.com\/es\/#organization","name":"Sonria Dental Clinic","url":"https:\/\/sonriacr.com\/es\/","logo":{"@type":"ImageObject","inLanguage":"es","@id":"https:\/\/sonriacr.com\/es\/#\/schema\/logo\/image\/","url":"https:\/\/sonriacr.com\/wp-content\/uploads\/2019\/06\/logosmall.png","contentUrl":"https:\/\/sonriacr.com\/wp-content\/uploads\/2019\/06\/logosmall.png","width":166,"height":60,"caption":"Sonria Dental Clinic"},"image":{"@id":"https:\/\/sonriacr.com\/es\/#\/schema\/logo\/image\/"}}]}},"_links":{"self":[{"href":"https:\/\/sonriacr.com\/es\/wp-json\/wp\/v2\/pages\/2934","targetHints":{"allow":["GET"]}}],"collection":[{"href":"https:\/\/sonriacr.com\/es\/wp-json\/wp\/v2\/pages"}],"about":[{"href":"https:\/\/sonriacr.com\/es\/wp-json\/wp\/v2\/types\/page"}],"author":[{"embeddable":true,"href":"https:\/\/sonriacr.com\/es\/wp-json\/wp\/v2\/users\/2"}],"replies":[{"embeddable":true,"href":"https:\/\/sonriacr.com\/es\/wp-json\/wp\/v2\/comments?post=2934"}],"version-history":[{"count":0,"href":"https:\/\/sonriacr.com\/es\/wp-json\/wp\/v2\/pages\/2934\/revisions"}],"wp:attachment":[{"href":"https:\/\/sonriacr.com\/es\/wp-json\/wp\/v2\/media?parent=2934"}],"curies":[{"name":"wp","href":"https:\/\/api.w.org\/{rel}","templated":true}]}}