{"id":2944,"date":"2017-08-29T11:19:39","date_gmt":"2017-08-29T17:19:39","guid":{"rendered":"http:\/\/sonriacr.com\/restored\/best-periodontics-in-costa-rica\/"},"modified":"2020-07-16T10:28:21","modified_gmt":"2020-07-16T16:28:21","slug":"periodoncia-en-costa-rica","status":"publish","type":"page","link":"https:\/\/sonriacr.com\/es\/periodoncia-en-costa-rica\/","title":{"rendered":"Periodoncia"},"content":{"rendered":"\n<h2 class=\"wp-block-heading\">Mejores Periodoncistas en Costa Rica<\/h2>\n\n\n\n<div class=\"wp-block-image\"><figure class=\"alignleft size-large is-resized\"><a href=\"http:\/\/sonriacr.com\/wp-content\/uploads\/2017\/08\/Periodontics-in-costa-rica.jpg\"><img loading=\"lazy\" decoding=\"async\" src=\"http:\/\/sonriacr.com\/wp-content\/uploads\/2020\/07\/periodontics.jpg\" alt=\"Periodoncia\" class=\"wp-image-4523\" width=\"277\" height=\"364\" srcset=\"https:\/\/sonriacr.com\/wp-content\/uploads\/2020\/07\/periodontics.jpg 400w, https:\/\/sonriacr.com\/wp-content\/uploads\/2020\/07\/periodontics-228x300.jpg 228w, https:\/\/sonriacr.com\/wp-content\/uploads\/2020\/07\/periodontics-111x146.jpg 111w, https:\/\/sonriacr.com\/wp-content\/uploads\/2020\/07\/periodontics-38x50.jpg 38w, https:\/\/sonriacr.com\/wp-content\/uploads\/2020\/07\/periodontics-57x75.jpg 57w\" sizes=\"auto, (max-width:767px) 277px, 277px\" \/><\/a><\/figure><\/div>\n\n\n\n<p>No hay nada como tener una sonrisa atractiva con dientes y enc\u00edas saludables para darle algo por lo que sonre\u00edr. Pero a veces requiere la asistencia competente de un Periodoncista experimentado para ayudarlo a lograr los resultados que desea. Es por eso que el personal de Sonria Dental Boutique incluye dentistas que se especializan en periodoncia.<\/p>\n\n\n\n<p>Los periodoncistas son especialistas dentales centrados en el tratamiento de la enfermedad periodontal (de las enc\u00edas). Reciben capacitaci\u00f3n especializada en el tratamiento de enfermedades periodontales y procedimientos de cirug\u00eda pl\u00e1stica periodontal. Los periodoncistas tambi\u00e9n son conocidos por su trabajo con implantes dentales.<\/p>\n\n\n\n<p>Su sonrisa a menudo se considera el elemento m\u00e1s importante de su cara. Una buena sonrisa te permite elevar tu autoestima y tener una buena vida social. Adem\u00e1s, los dientes sanos te permiten disfrutar de los alimentos que te gustan e incluso hablar con confianza. \u00a1Entendemos por qu\u00e9 los dientes y las enc\u00edas saludables son tan importantes para usted!<\/p>\n\n\n\n<p>En la Cl\u00ednica Dental Sonr\u00eda, un periodoncista puede ayudarlo a prevenir la p\u00e9rdida de dientes debido a la enfermedad de las enc\u00edas. Curar y mantener las enc\u00edas es, de lejos, el mejor m\u00e9todo para mantener intacta su sonrisa y confianza en s\u00ed mismo, y es nuestra prioridad n\u00famero uno.<\/p>\n\n\n\n<p>Sin embargo, si por alguna circunstancia desafortunada pierde uno o m\u00e1s dientes por enfermedad o accidente, un periodoncista puede ayudarlo a lograr una soluci\u00f3n que se vea, sienta y funcione exactamente como un diente natural: un implante dental. Nadie podr\u00e1 distinguir la diferencia entre su implante y sus dientes naturales. Y como un implante se siente como un diente natural y se puede cepillar como lus dientes normales, \u00a1pronto se olvidar\u00e1 de que lo tiene!<\/p>\n\n\n\n<p><strong>Los implantes dentales no son los \u00fanicos procedimientos que nuestros especialistas utilizan para ayudar a sanar y restaurar la boca. Aqu\u00ed hay algunos de los otros:<\/strong><\/p>\n\n\n\n<ul class=\"list2 wp-block-list\"><li>Scaling &amp; Root Planing<\/li><li>Cirug\u00eda de injerto de enc\u00edas<\/li><li>Procedimientos regenerativos<\/li><li>Alargamiento dental de la corona<\/li><li>Implantes dentales<\/li><li>Pocket Reduction Procedures<\/li><li>Procedimientos de cirug\u00eda pl\u00e1stica<\/li><\/ul>\n\n\n\n<p>\u00bfPor qu\u00e9 pasar por la vida cubri\u00e9ndose la boca cada vez que r\u00ede o habla en p\u00fablico? \u00bfPor qu\u00e9 perder dientes por la enfermedad de las enc\u00edas o preocuparse por el mal aliento cr\u00f3nico? En la Cl\u00ednica Dental Sonr\u00eda en Costa Rica, puede obtener una sonrisa hermosa a precios asequibles.<\/p>\n\n\n\n<p><strong>\u00bfQu\u00e9 est\u00e1s esperando?<\/strong>&nbsp;<a href=\"https:\/\/sonriacr.com\/es\/contactenos\/\">Solicite una cita hoy <\/a> o complete el siguiente formulario.<\/p>\n","protected":false},"excerpt":{"rendered":"<p>Mejores Periodoncistas en Costa Rica No hay nada como tener una sonrisa atractiva con dientes y enc\u00edas saludables para darle algo por lo que sonre\u00edr. Pero<span class=\"excerpt-hellip\"> [\u2026]<\/span><\/p>\n","protected":false},"author":2,"featured_media":0,"parent":0,"menu_order":0,"comment_status":"closed","ping_status":"closed","template":"","meta":{"footnotes":""},"class_list":["post-2944","page","type-page","status-publish","hentry"],"yoast_head":"<!-- This site is optimized with the Yoast SEO plugin v27.2 - https:\/\/yoast.com\/product\/yoast-seo-wordpress\/ -->\n<title>Enfermedad de las Enc\u00edas e Implantes Dentales<\/title>\n<meta name=\"description\" content=\"Mejores Periodoncistas en Costa Rica - Su sonrisa a menudo se considera el elemento m\u00e1s importante de su rostro.\" \/>\n<meta name=\"robots\" content=\"index, follow, max-snippet:-1, max-image-preview:large, max-video-preview:-1\" \/>\n<link rel=\"canonical\" href=\"https:\/\/sonriacr.com\/es\/periodoncia-en-costa-rica\/\" \/>\n<meta name=\"twitter:label1\" content=\"Tiempo de lectura\" \/>\n\t<meta name=\"twitter:data1\" content=\"2 minutos\" \/>\n<script type=\"application\/ld+json\" class=\"yoast-schema-graph\">{\"@context\":\"https:\/\/schema.org\",\"@graph\":[{\"@type\":\"WebPage\",\"@id\":\"https:\/\/sonriacr.com\/es\/periodoncia-en-costa-rica\/\",\"url\":\"https:\/\/sonriacr.com\/es\/periodoncia-en-costa-rica\/\",\"name\":\"Enfermedad de las Enc\u00edas e Implantes Dentales\",\"isPartOf\":{\"@id\":\"https:\/\/sonriacr.com\/es\/#website\"},\"primaryImageOfPage\":{\"@id\":\"https:\/\/sonriacr.com\/es\/periodoncia-en-costa-rica\/#primaryimage\"},\"image\":{\"@id\":\"https:\/\/sonriacr.com\/es\/periodoncia-en-costa-rica\/#primaryimage\"},\"thumbnailUrl\":\"http:\/\/sonriacr.com\/wp-content\/uploads\/2020\/07\/periodontics.jpg\",\"datePublished\":\"2017-08-29T17:19:39+00:00\",\"dateModified\":\"2020-07-16T16:28:21+00:00\",\"description\":\"Mejores Periodoncistas en Costa Rica - Su sonrisa a menudo se considera el elemento m\u00e1s importante de su rostro.\",\"breadcrumb\":{\"@id\":\"https:\/\/sonriacr.com\/es\/periodoncia-en-costa-rica\/#breadcrumb\"},\"inLanguage\":\"es\",\"potentialAction\":[{\"@type\":\"ReadAction\",\"target\":[\"https:\/\/sonriacr.com\/es\/periodoncia-en-costa-rica\/\"]}]},{\"@type\":\"ImageObject\",\"inLanguage\":\"es\",\"@id\":\"https:\/\/sonriacr.com\/es\/periodoncia-en-costa-rica\/#primaryimage\",\"url\":\"http:\/\/sonriacr.com\/wp-content\/uploads\/2020\/07\/periodontics.jpg\",\"contentUrl\":\"http:\/\/sonriacr.com\/wp-content\/uploads\/2020\/07\/periodontics.jpg\"},{\"@type\":\"BreadcrumbList\",\"@id\":\"https:\/\/sonriacr.com\/es\/periodoncia-en-costa-rica\/#breadcrumb\",\"itemListElement\":[{\"@type\":\"ListItem\",\"position\":1,\"name\":\"Home\",\"item\":\"https:\/\/sonriacr.com\/es\/\"},{\"@type\":\"ListItem\",\"position\":2,\"name\":\"Periodoncia\"}]},{\"@type\":\"WebSite\",\"@id\":\"https:\/\/sonriacr.com\/es\/#website\",\"url\":\"https:\/\/sonriacr.com\/es\/\",\"name\":\"Costa Rica Dental Implants at Sonria Dental Clinic\",\"description\":\"Costa Rica Dental Implants at Affordable Costa Rica Dental Prices - Sonria Dental Clinic\",\"publisher\":{\"@id\":\"https:\/\/sonriacr.com\/es\/#organization\"},\"potentialAction\":[{\"@type\":\"SearchAction\",\"target\":{\"@type\":\"EntryPoint\",\"urlTemplate\":\"https:\/\/sonriacr.com\/es\/?s={search_term_string}\"},\"query-input\":{\"@type\":\"PropertyValueSpecification\",\"valueRequired\":true,\"valueName\":\"search_term_string\"}}],\"inLanguage\":\"es\"},{\"@type\":\"Organization\",\"@id\":\"https:\/\/sonriacr.com\/es\/#organization\",\"name\":\"Sonria Dental Clinic\",\"url\":\"https:\/\/sonriacr.com\/es\/\",\"logo\":{\"@type\":\"ImageObject\",\"inLanguage\":\"es\",\"@id\":\"https:\/\/sonriacr.com\/es\/#\/schema\/logo\/image\/\",\"url\":\"https:\/\/sonriacr.com\/wp-content\/uploads\/2019\/06\/logosmall.png\",\"contentUrl\":\"https:\/\/sonriacr.com\/wp-content\/uploads\/2019\/06\/logosmall.png\",\"width\":166,\"height\":60,\"caption\":\"Sonria Dental Clinic\"},\"image\":{\"@id\":\"https:\/\/sonriacr.com\/es\/#\/schema\/logo\/image\/\"}}]}<\/script>\n<!-- \/ Yoast SEO plugin. -->","yoast_head_json":{"title":"Enfermedad de las Enc\u00edas e Implantes Dentales","description":"Mejores Periodoncistas en Costa Rica - Su sonrisa a menudo se considera el elemento m\u00e1s importante de su rostro.","robots":{"index":"index","follow":"follow","max-snippet":"max-snippet:-1","max-image-preview":"max-image-preview:large","max-video-preview":"max-video-preview:-1"},"canonical":"https:\/\/sonriacr.com\/es\/periodoncia-en-costa-rica\/","twitter_misc":{"Tiempo de lectura":"2 minutos"},"schema":{"@context":"https:\/\/schema.org","@graph":[{"@type":"WebPage","@id":"https:\/\/sonriacr.com\/es\/periodoncia-en-costa-rica\/","url":"https:\/\/sonriacr.com\/es\/periodoncia-en-costa-rica\/","name":"Enfermedad de las Enc\u00edas e Implantes Dentales","isPartOf":{"@id":"https:\/\/sonriacr.com\/es\/#website"},"primaryImageOfPage":{"@id":"https:\/\/sonriacr.com\/es\/periodoncia-en-costa-rica\/#primaryimage"},"image":{"@id":"https:\/\/sonriacr.com\/es\/periodoncia-en-costa-rica\/#primaryimage"},"thumbnailUrl":"http:\/\/sonriacr.com\/wp-content\/uploads\/2020\/07\/periodontics.jpg","datePublished":"2017-08-29T17:19:39+00:00","dateModified":"2020-07-16T16:28:21+00:00","description":"Mejores Periodoncistas en Costa Rica - Su sonrisa a menudo se considera el elemento m\u00e1s importante de su rostro.","breadcrumb":{"@id":"https:\/\/sonriacr.com\/es\/periodoncia-en-costa-rica\/#breadcrumb"},"inLanguage":"es","potentialAction":[{"@type":"ReadAction","target":["https:\/\/sonriacr.com\/es\/periodoncia-en-costa-rica\/"]}]},{"@type":"ImageObject","inLanguage":"es","@id":"https:\/\/sonriacr.com\/es\/periodoncia-en-costa-rica\/#primaryimage","url":"http:\/\/sonriacr.com\/wp-content\/uploads\/2020\/07\/periodontics.jpg","contentUrl":"http:\/\/sonriacr.com\/wp-content\/uploads\/2020\/07\/periodontics.jpg"},{"@type":"BreadcrumbList","@id":"https:\/\/sonriacr.com\/es\/periodoncia-en-costa-rica\/#breadcrumb","itemListElement":[{"@type":"ListItem","position":1,"name":"Home","item":"https:\/\/sonriacr.com\/es\/"},{"@type":"ListItem","position":2,"name":"Periodoncia"}]},{"@type":"WebSite","@id":"https:\/\/sonriacr.com\/es\/#website","url":"https:\/\/sonriacr.com\/es\/","name":"Costa Rica Dental Implants at Sonria Dental Clinic","description":"Costa Rica Dental Implants at Affordable Costa Rica Dental Prices - Sonria Dental Clinic","publisher":{"@id":"https:\/\/sonriacr.com\/es\/#organization"},"potentialAction":[{"@type":"SearchAction","target":{"@type":"EntryPoint","urlTemplate":"https:\/\/sonriacr.com\/es\/?s={search_term_string}"},"query-input":{"@type":"PropertyValueSpecification","valueRequired":true,"valueName":"search_term_string"}}],"inLanguage":"es"},{"@type":"Organization","@id":"https:\/\/sonriacr.com\/es\/#organization","name":"Sonria Dental Clinic","url":"https:\/\/sonriacr.com\/es\/","logo":{"@type":"ImageObject","inLanguage":"es","@id":"https:\/\/sonriacr.com\/es\/#\/schema\/logo\/image\/","url":"https:\/\/sonriacr.com\/wp-content\/uploads\/2019\/06\/logosmall.png","contentUrl":"https:\/\/sonriacr.com\/wp-content\/uploads\/2019\/06\/logosmall.png","width":166,"height":60,"caption":"Sonria Dental Clinic"},"image":{"@id":"https:\/\/sonriacr.com\/es\/#\/schema\/logo\/image\/"}}]}},"_links":{"self":[{"href":"https:\/\/sonriacr.com\/es\/wp-json\/wp\/v2\/pages\/2944","targetHints":{"allow":["GET"]}}],"collection":[{"href":"https:\/\/sonriacr.com\/es\/wp-json\/wp\/v2\/pages"}],"about":[{"href":"https:\/\/sonriacr.com\/es\/wp-json\/wp\/v2\/types\/page"}],"author":[{"embeddable":true,"href":"https:\/\/sonriacr.com\/es\/wp-json\/wp\/v2\/users\/2"}],"replies":[{"embeddable":true,"href":"https:\/\/sonriacr.com\/es\/wp-json\/wp\/v2\/comments?post=2944"}],"version-history":[{"count":0,"href":"https:\/\/sonriacr.com\/es\/wp-json\/wp\/v2\/pages\/2944\/revisions"}],"wp:attachment":[{"href":"https:\/\/sonriacr.com\/es\/wp-json\/wp\/v2\/media?parent=2944"}],"curies":[{"name":"wp","href":"https:\/\/api.w.org\/{rel}","templated":true}]}}