{"id":2958,"date":"2017-08-22T18:06:49","date_gmt":"2017-08-23T00:06:49","guid":{"rendered":"http:\/\/sonriacr.com\/restored\/dental-boutique\/"},"modified":"2020-06-29T19:08:47","modified_gmt":"2020-06-30T01:08:47","slug":"clinica-dental-en-costa-rica","status":"publish","type":"page","link":"https:\/\/sonriacr.com\/es\/clinica-dental-en-costa-rica\/","title":{"rendered":"NOSOTROS"},"content":{"rendered":"\n<h2 class=\"wp-block-heading\">Bienvenido a la Cl\u00ednica Dental Sonr\u00eda<\/h2>\n\n\n\n<div class=\"wp-block-image\"><figure class=\"alignleft size-large is-resized\"><img loading=\"lazy\" decoding=\"async\" src=\"https:\/\/sonriacr.com\/wp-content\/uploads\/2019\/12\/imagenSoriaAboutUS-2.jpg\" alt=\"imagenSoriaAboutUS\" class=\"wp-image-4243\" width=\"459\" height=\"306\" srcset=\"https:\/\/sonriacr.com\/wp-content\/uploads\/2019\/12\/imagenSoriaAboutUS-2.jpg 600w, https:\/\/sonriacr.com\/wp-content\/uploads\/2019\/12\/imagenSoriaAboutUS-2-300x200.jpg 300w, https:\/\/sonriacr.com\/wp-content\/uploads\/2019\/12\/imagenSoriaAboutUS-2-219x146.jpg 219w, https:\/\/sonriacr.com\/wp-content\/uploads\/2019\/12\/imagenSoriaAboutUS-2-50x33.jpg 50w, https:\/\/sonriacr.com\/wp-content\/uploads\/2019\/12\/imagenSoriaAboutUS-2-113x75.jpg 113w\" sizes=\"auto, (max-width:767px) 459px, 459px\" \/><\/figure><\/div>\n\n\n\n<p>Rel\u00e1jate \u2026 Desde el momento en que entras por la puerta, sabr\u00e1s que \u00e9sta experiencia ser\u00e1 diferente a cualquier otra que hayas tenido en una cl\u00ednica dental. Quiz\u00e1s es la iluminaci\u00f3n, o la m\u00fasica suave, o tal vez el aroma ligeramente ex\u00f3tico de la aromaterapia lo que perdura en el aire. Su visita con nosotros se sentir\u00e1 como si acabara de ingresar a un spa de lujo, y en un sentido muy real. Queremos que se sienta mimado mientras ayudamos a crear su sonrisa perfecta llena de dientes hermosos y sanos.<\/p>\n\n\n\n<p><span title=\"At Sonria Dental Boutique, we\u2019ve magically mingled comfort, aesthetics, technology and service to create an atmosphere where you will feel welcomed and truly comfortable.\">En la Cl\u00ednica Dental Sonr\u00eda, hemos combinado m\u00e1gicamente la comodidad, la est\u00e9tica, la tecnolog\u00eda y el servicio para crear una atm\u00f3sfera en la que se sienta bienvenido y realmente c\u00f3modo. <\/span><span title=\"We aim high.\">Apuntamos alto. <\/span><span title=\"Our Costa Rica Dentists\u2019s goal is to provide you with the best possible care, while we make you feel truly welcomed and at ease.\">El objetivo de nuestros especialistas dentales es brindarle la mejor atenci\u00f3n posible, mientras lo hacemos sentir verdaderamente bienvenido y c\u00f3modo. <\/span><span title=\"Our patients actually unwind while getting the best possible dental work in Costa Rica.\">Nuestros pacientes realmente se relajan mientras obtienen el mejor trabajo dental en Costa Rica. <\/span><span title=\"What could be better? \">\u00bfQue podr\u00eda ser mejor?<\/span><\/p>\n\n\n\n<p><span title=\"Led by Dr. Oriana Gonz\u00e1lez, our Costa Rica Dentists shares our commitment to your comfort and wellbeing.\">Dirigidos por la Dra. Oriana Gonz\u00e1lez, nuestros dentistas comparten nuestro compromiso con su comodidad y bienestar. <\/span><span title=\"Each Costa Rica dentist in our clinic is a highly trained specialist in both in dental procedures, technology, and materials, as well as in delivering warm, friendly service.\">Cada dentista en nuestra cl\u00ednica es un especialista altamente capacitado tanto en procedimientos dentales, tecnolog\u00eda y materiales, como en la prestaci\u00f3n de un servicio cordial y amigable.<\/span><\/p>\n\n\n\n<h3 class=\"wp-block-heading\">Cl\u00ednica Dental Sonr\u00eda<\/h3>\n\n\n\n<p><span title=\"At Sonria Dental Boutique, each patient receives personal service and highly customized dental solutions.\">En la Cl\u00ednica Dental Sonria, cada paciente recibe un servicio personalizado y soluciones dentales altamente personalizadas. <\/span><span title=\"After getting to know you and conducting a careful analysis of your needs, your dentist will discuss options and make specific recommendations and answer any questions you have.\">Despu\u00e9s de conocerlo y realizar un an\u00e1lisis cuidadoso de sus necesidades, su dentista discutir\u00e1 las opciones y har\u00e1 recomendaciones espec\u00edficas y responder\u00e1 cualquier pregunta que tenga. <\/span><span title=\"Once you are comfortable with the recommended solution, we will provide you with the finest quality dental care using the latest techniques, state-of-the-art equipment and the highest quality, most durable materials available. \">Una vez que se sienta c\u00f3modo con la soluci\u00f3n recomendada, le proporcionaremos la mejor atenci\u00f3n dental de calidad utilizando las \u00faltimas t\u00e9cnicas, equipos de \u00faltima generaci\u00f3n y la m\u00e1s alta calidad y materiales m\u00e1s duraderos disponibles.<\/span><\/p>\n\n\n\n<p>Comencemos por crear esa bella sonrisa saludable que ha estado esperando por tanto tiempo.<\/p>\n\n\n\n<h3 class=\"wp-block-heading\">Equipo de profesionales expertos en Est\u00e9tica Dental<\/h3>\n\n\n\n<p>\u00a1Nos encanta lo que hacemos y se nota! Nada nos hace m\u00e1s felices que ver el aspecto de las caras de nuestros pacientes despu\u00e9s del tratamiento. \u00bfPor qu\u00e9? \u00a1Porque nos encanta ver a nuestros pacientes sonre\u00edr! No importa cu\u00e1n estresados \u200b\u200bestaban cuando entraron por la puerta, nuestros pacientes siempre se van sonr\u00edendo. Si esto suena como la experiencia dental que ha estado esperando, no hay necesidad de esperar m\u00e1s.<\/p>\n\n\n\n<p><span title=\"Costa Rica Dentists at Sonria Dental Boutique understand that you have a right to know and understand your dental treatment program, that is why we are happy to answer any questions, and explain in detail any procedure being considered.\">Los dentistas de la Cl\u00ednica Dental Sonr\u00eda entienden que usted tiene derecho a conocer y comprender su programa de tratamiento dental, por eso estamos encantados de responder cualquier pregunta y explicar en detalle cualquier procedimiento que se considere.<\/span><\/p>\n\n\n\n<p>\u00a1Ll\u00e1menos ahora mismo y hable con uno de nuestros dentistas especialistas y descubra por qu\u00e9 nuestros pacientes siempre vuelven.<\/p>\n\n\n\n<p>Descubra por qu\u00e9 somos la cl\u00ednica dental #1 en Costa Rica&#8230;<\/p>\n","protected":false},"excerpt":{"rendered":"<p>Bienvenido a la Cl\u00ednica Dental Sonr\u00eda Rel\u00e1jate \u2026 Desde el momento en que entras por la puerta, sabr\u00e1s que \u00e9sta experiencia ser\u00e1 diferente a cualquier otra<span class=\"excerpt-hellip\"> [\u2026]<\/span><\/p>\n","protected":false},"author":2,"featured_media":0,"parent":0,"menu_order":0,"comment_status":"closed","ping_status":"closed","template":"","meta":{"footnotes":""},"class_list":["post-2958","page","type-page","status-publish","hentry"],"yoast_head":"<!-- This site is optimized with the Yoast SEO plugin v27.2 - https:\/\/yoast.com\/product\/yoast-seo-wordpress\/ -->\n<title>NOSOTROS - Costa Rica Dental Implants at Sonria Dental Clinic<\/title>\n<meta name=\"description\" content=\"Reciba la mejor calidad en procedimientos dentales en la Primer Cl\u00ednica Dental tipo Boutique en Costa Rica.\" \/>\n<meta name=\"robots\" content=\"index, follow, max-snippet:-1, max-image-preview:large, max-video-preview:-1\" \/>\n<link rel=\"canonical\" href=\"https:\/\/sonriacr.com\/es\/clinica-dental-en-costa-rica\/\" \/>\n<meta name=\"twitter:label1\" content=\"Tiempo de lectura\" \/>\n\t<meta name=\"twitter:data1\" content=\"2 minutos\" \/>\n<script type=\"application\/ld+json\" class=\"yoast-schema-graph\">{\"@context\":\"https:\/\/schema.org\",\"@graph\":[{\"@type\":\"WebPage\",\"@id\":\"https:\/\/sonriacr.com\/es\/clinica-dental-en-costa-rica\/\",\"url\":\"https:\/\/sonriacr.com\/es\/clinica-dental-en-costa-rica\/\",\"name\":\"NOSOTROS - Costa Rica Dental Implants at Sonria Dental Clinic\",\"isPartOf\":{\"@id\":\"https:\/\/sonriacr.com\/es\/#website\"},\"primaryImageOfPage\":{\"@id\":\"https:\/\/sonriacr.com\/es\/clinica-dental-en-costa-rica\/#primaryimage\"},\"image\":{\"@id\":\"https:\/\/sonriacr.com\/es\/clinica-dental-en-costa-rica\/#primaryimage\"},\"thumbnailUrl\":\"https:\/\/sonriacr.com\/wp-content\/uploads\/2019\/12\/imagenSoriaAboutUS-2.jpg\",\"datePublished\":\"2017-08-23T00:06:49+00:00\",\"dateModified\":\"2020-06-30T01:08:47+00:00\",\"description\":\"Reciba la mejor calidad en procedimientos dentales en la Primer Cl\u00ednica Dental tipo Boutique en Costa Rica.\",\"breadcrumb\":{\"@id\":\"https:\/\/sonriacr.com\/es\/clinica-dental-en-costa-rica\/#breadcrumb\"},\"inLanguage\":\"es\",\"potentialAction\":[{\"@type\":\"ReadAction\",\"target\":[\"https:\/\/sonriacr.com\/es\/clinica-dental-en-costa-rica\/\"]}]},{\"@type\":\"ImageObject\",\"inLanguage\":\"es\",\"@id\":\"https:\/\/sonriacr.com\/es\/clinica-dental-en-costa-rica\/#primaryimage\",\"url\":\"https:\/\/sonriacr.com\/wp-content\/uploads\/2019\/12\/imagenSoriaAboutUS-2.jpg\",\"contentUrl\":\"https:\/\/sonriacr.com\/wp-content\/uploads\/2019\/12\/imagenSoriaAboutUS-2.jpg\"},{\"@type\":\"BreadcrumbList\",\"@id\":\"https:\/\/sonriacr.com\/es\/clinica-dental-en-costa-rica\/#breadcrumb\",\"itemListElement\":[{\"@type\":\"ListItem\",\"position\":1,\"name\":\"Home\",\"item\":\"https:\/\/sonriacr.com\/es\/\"},{\"@type\":\"ListItem\",\"position\":2,\"name\":\"NOSOTROS\"}]},{\"@type\":\"WebSite\",\"@id\":\"https:\/\/sonriacr.com\/es\/#website\",\"url\":\"https:\/\/sonriacr.com\/es\/\",\"name\":\"Costa Rica Dental Implants at Sonria Dental Clinic\",\"description\":\"Costa Rica Dental Implants at Affordable Costa Rica Dental Prices - Sonria Dental Clinic\",\"publisher\":{\"@id\":\"https:\/\/sonriacr.com\/es\/#organization\"},\"potentialAction\":[{\"@type\":\"SearchAction\",\"target\":{\"@type\":\"EntryPoint\",\"urlTemplate\":\"https:\/\/sonriacr.com\/es\/?s={search_term_string}\"},\"query-input\":{\"@type\":\"PropertyValueSpecification\",\"valueRequired\":true,\"valueName\":\"search_term_string\"}}],\"inLanguage\":\"es\"},{\"@type\":\"Organization\",\"@id\":\"https:\/\/sonriacr.com\/es\/#organization\",\"name\":\"Sonria Dental Clinic\",\"url\":\"https:\/\/sonriacr.com\/es\/\",\"logo\":{\"@type\":\"ImageObject\",\"inLanguage\":\"es\",\"@id\":\"https:\/\/sonriacr.com\/es\/#\/schema\/logo\/image\/\",\"url\":\"https:\/\/sonriacr.com\/wp-content\/uploads\/2019\/06\/logosmall.png\",\"contentUrl\":\"https:\/\/sonriacr.com\/wp-content\/uploads\/2019\/06\/logosmall.png\",\"width\":166,\"height\":60,\"caption\":\"Sonria Dental Clinic\"},\"image\":{\"@id\":\"https:\/\/sonriacr.com\/es\/#\/schema\/logo\/image\/\"}}]}<\/script>\n<!-- \/ Yoast SEO plugin. -->","yoast_head_json":{"title":"NOSOTROS - Costa Rica Dental Implants at Sonria Dental Clinic","description":"Reciba la mejor calidad en procedimientos dentales en la Primer Cl\u00ednica Dental tipo Boutique en Costa Rica.","robots":{"index":"index","follow":"follow","max-snippet":"max-snippet:-1","max-image-preview":"max-image-preview:large","max-video-preview":"max-video-preview:-1"},"canonical":"https:\/\/sonriacr.com\/es\/clinica-dental-en-costa-rica\/","twitter_misc":{"Tiempo de lectura":"2 minutos"},"schema":{"@context":"https:\/\/schema.org","@graph":[{"@type":"WebPage","@id":"https:\/\/sonriacr.com\/es\/clinica-dental-en-costa-rica\/","url":"https:\/\/sonriacr.com\/es\/clinica-dental-en-costa-rica\/","name":"NOSOTROS - Costa Rica Dental Implants at Sonria Dental Clinic","isPartOf":{"@id":"https:\/\/sonriacr.com\/es\/#website"},"primaryImageOfPage":{"@id":"https:\/\/sonriacr.com\/es\/clinica-dental-en-costa-rica\/#primaryimage"},"image":{"@id":"https:\/\/sonriacr.com\/es\/clinica-dental-en-costa-rica\/#primaryimage"},"thumbnailUrl":"https:\/\/sonriacr.com\/wp-content\/uploads\/2019\/12\/imagenSoriaAboutUS-2.jpg","datePublished":"2017-08-23T00:06:49+00:00","dateModified":"2020-06-30T01:08:47+00:00","description":"Reciba la mejor calidad en procedimientos dentales en la Primer Cl\u00ednica Dental tipo Boutique en Costa Rica.","breadcrumb":{"@id":"https:\/\/sonriacr.com\/es\/clinica-dental-en-costa-rica\/#breadcrumb"},"inLanguage":"es","potentialAction":[{"@type":"ReadAction","target":["https:\/\/sonriacr.com\/es\/clinica-dental-en-costa-rica\/"]}]},{"@type":"ImageObject","inLanguage":"es","@id":"https:\/\/sonriacr.com\/es\/clinica-dental-en-costa-rica\/#primaryimage","url":"https:\/\/sonriacr.com\/wp-content\/uploads\/2019\/12\/imagenSoriaAboutUS-2.jpg","contentUrl":"https:\/\/sonriacr.com\/wp-content\/uploads\/2019\/12\/imagenSoriaAboutUS-2.jpg"},{"@type":"BreadcrumbList","@id":"https:\/\/sonriacr.com\/es\/clinica-dental-en-costa-rica\/#breadcrumb","itemListElement":[{"@type":"ListItem","position":1,"name":"Home","item":"https:\/\/sonriacr.com\/es\/"},{"@type":"ListItem","position":2,"name":"NOSOTROS"}]},{"@type":"WebSite","@id":"https:\/\/sonriacr.com\/es\/#website","url":"https:\/\/sonriacr.com\/es\/","name":"Costa Rica Dental Implants at Sonria Dental Clinic","description":"Costa Rica Dental Implants at Affordable Costa Rica Dental Prices - Sonria Dental Clinic","publisher":{"@id":"https:\/\/sonriacr.com\/es\/#organization"},"potentialAction":[{"@type":"SearchAction","target":{"@type":"EntryPoint","urlTemplate":"https:\/\/sonriacr.com\/es\/?s={search_term_string}"},"query-input":{"@type":"PropertyValueSpecification","valueRequired":true,"valueName":"search_term_string"}}],"inLanguage":"es"},{"@type":"Organization","@id":"https:\/\/sonriacr.com\/es\/#organization","name":"Sonria Dental Clinic","url":"https:\/\/sonriacr.com\/es\/","logo":{"@type":"ImageObject","inLanguage":"es","@id":"https:\/\/sonriacr.com\/es\/#\/schema\/logo\/image\/","url":"https:\/\/sonriacr.com\/wp-content\/uploads\/2019\/06\/logosmall.png","contentUrl":"https:\/\/sonriacr.com\/wp-content\/uploads\/2019\/06\/logosmall.png","width":166,"height":60,"caption":"Sonria Dental Clinic"},"image":{"@id":"https:\/\/sonriacr.com\/es\/#\/schema\/logo\/image\/"}}]}},"_links":{"self":[{"href":"https:\/\/sonriacr.com\/es\/wp-json\/wp\/v2\/pages\/2958","targetHints":{"allow":["GET"]}}],"collection":[{"href":"https:\/\/sonriacr.com\/es\/wp-json\/wp\/v2\/pages"}],"about":[{"href":"https:\/\/sonriacr.com\/es\/wp-json\/wp\/v2\/types\/page"}],"author":[{"embeddable":true,"href":"https:\/\/sonriacr.com\/es\/wp-json\/wp\/v2\/users\/2"}],"replies":[{"embeddable":true,"href":"https:\/\/sonriacr.com\/es\/wp-json\/wp\/v2\/comments?post=2958"}],"version-history":[{"count":0,"href":"https:\/\/sonriacr.com\/es\/wp-json\/wp\/v2\/pages\/2958\/revisions"}],"wp:attachment":[{"href":"https:\/\/sonriacr.com\/es\/wp-json\/wp\/v2\/media?parent=2958"}],"curies":[{"name":"wp","href":"https:\/\/api.w.org\/{rel}","templated":true}]}}