{"id":2964,"date":"2017-08-22T18:40:10","date_gmt":"2017-08-23T00:40:10","guid":{"rendered":"http:\/\/sonriacr.com\/restored\/state-of-the-art-dental-lab\/"},"modified":"2020-06-29T20:53:52","modified_gmt":"2020-06-30T02:53:52","slug":"laboratorio-dental-de-vanguardia","status":"publish","type":"page","link":"https:\/\/sonriacr.com\/es\/laboratorio-dental-de-vanguardia\/","title":{"rendered":"Laboratorio Dental de Vanguardia"},"content":{"rendered":"<h2><span id=\"result_box\" class=\"\" lang=\"es\"><span class=\"\">Detr\u00e1s de cada gran dentista, hay un gran laboratorio dental<\/span><\/span><\/h2>\n<p><a href=\"http:\/\/sonriacr.com\/wp-content\/uploads\/2017\/08\/viax-dental-lab-768x323.png\"><img loading=\"lazy\" decoding=\"async\" class=\" wp-image-175 alignleft\" src=\"http:\/\/sonriacr.com\/wp-content\/uploads\/2017\/08\/viax-dental-lab-768x323-300x126.png\" alt=\"Dental Lab Costa Rica\" width=\"400\" height=\"168\" srcset=\"https:\/\/sonriacr.com\/wp-content\/uploads\/2017\/08\/viax-dental-lab-768x323-300x126.png 300w, https:\/\/sonriacr.com\/wp-content\/uploads\/2017\/08\/viax-dental-lab-768x323.png 768w, https:\/\/sonriacr.com\/wp-content\/uploads\/2017\/08\/viax-dental-lab-768x323-260x109.png 260w, https:\/\/sonriacr.com\/wp-content\/uploads\/2017\/08\/viax-dental-lab-768x323-50x21.png 50w, https:\/\/sonriacr.com\/wp-content\/uploads\/2017\/08\/viax-dental-lab-768x323-150x63.png 150w\" sizes=\"auto, (max-width:767px) 400px, 400px\" \/><\/a><span id=\"result_box\" class=\"\" lang=\"es\"><span title=\"In most cases, it\u2019s the dentist who gets all the credit for a successful dental procedure.\">En la mayor\u00eda de los casos, es el dentista quien obtiene todo el cr\u00e9dito por un procedimiento dental exitoso. <\/span><span title=\"However, behind every dentist is a whole team of professionals\u2014in both dental and non-dental areas\u2014working to make the patient\u2019s dental care a complete success.\">Sin embargo, detr\u00e1s de cada dentista hay un equipo completo de profesionales, tanto en \u00e1reas dentales como no dentales, que trabajan para que la atenci\u00f3n dental del paciente sea un \u00e9xito total. <\/span><span title=\"These are the people that make it possible for our Costa Rica Dental Team to focus on you and your needs.\n\n\">Estas son las personas que hacen posible que nuestro equipo dental en Costa Rica se concentre en usted y sus necesidades.<\/p>\n<p><\/span><span title=\"From the receptionist that welcomes you, to the managers of our Dental Boutique, we make sure that everyone working with us knows that your absolute satisfaction is our number-one priority.\">Desde la recepcionista que le da la bienvenida a los gerentes de nuestra Boutique dental, nos aseguramos de que todos los que trabajan con nosotros sepan que su satisfacci\u00f3n absoluta es nuestra prioridad n\u00famero uno. <\/span><span title=\"Our Costa Rica Dental Team are also backed by the expertise and resources of one of the leading dental labs in the Americas: VIAX.\n\n\">Nuestro Equipo Dental tambi\u00e9n cuenta con el respaldo de la experiencia y los recursos de uno de los laboratorios dentales l\u00edderes en las Am\u00e9ricas: <strong>VIAX<\/strong>.<\/p>\n<p><\/span><span title=\"We know that dental solutions should last virtually for a lifetime.\">Sabemos que las soluciones dentales deber\u00edan durar pr\u00e1cticamente toda la vida. <\/span><span title=\"To ensure that we meet patient expectations for the highest quality, we partner with a dental laboratory that delivers nothing but the best material and prosthetics.\">Para garantizar que cumplamos con las expectativas del paciente de la m\u00e1s alta calidad, nos asociamos con un laboratorio dental que ofrece nada m\u00e1s que el mejor material y pr\u00f3tesis. <\/span><span title=\"Viax Dental Technologies, our laboratory partner, has been in the business of providing dental solutions for many years.\"><strong>Viax Dental Technologies,<\/strong> nuestro socio de laboratorio, ha estado en el negocio de brindar soluciones dentales durante muchos a\u00f1os. <\/span><span title=\"They are leaders in ongoing development of new materials and prosthetics that make our patients happy by ensuring consistently excellent dental outcomes every time.\">Son l\u00edderes en el desarrollo continuo de nuevos materiales y pr\u00f3tesis que hacen felices a nuestros pacientes al garantizar resultados dentales consistentemente excelentes en todo momento. <\/span><span title=\"For our Costa Rica Dental Team, working with such a trustworthy provider is a satisfying experience.\n\">Para nuestro equipo dental, trabajar con un proveedor tan confiable es una experiencia satisfactoria.<br \/>\n<\/span><\/span><\/p>\n<p><span id=\"result_box\" class=\"\" lang=\"es\"><span title=\"The Best Dental Work in Costa Rica\n\n\"><strong>El mejor trabajo dental en Costa Rica<\/strong><\/p>\n<p><\/span><span title=\"Based in Florida, Viax Dental Technologies has opened a dental laboratory in Costa Rica, staffed with bilingual personnel.\">Con sede en Florida, <strong>Viax Dental Technologies<\/strong> ha abierto un laboratorio dental en Costa Rica, dotado de personal biling\u00fce. <\/span><span title=\"This allows us to obtain the dental pieces and materials we need in a timely manner, while benefiting from the quality and equipment from Viax\u2019s state-of-the-art dental laboratory.\">Esto nos permite obtener las piezas dentales y los materiales que necesitamos de manera oportuna, a la vez que nos beneficiamos de la calidad y el equipo del laboratorio dental vanx de vanguardia. <\/span><span title=\"Our international patients benefit from high quality materials and fast delivery times to ensure that we never miss a patient deadline.\">Nuestros pacientes internacionales se benefician de materiales de alta calidad y tiempos de entrega r\u00e1pidos para garantizar que nunca nos perdamos un plazo para el paciente. <\/span><span title=\"You can be confident that at Sonria Dental Boutique you will receive the Best Dental Work in Costa Rica.\n\n\">Puede estar seguro de que en Sonria Dental Boutique recibir\u00e1 el Mejor Trabajo Dental en Costa Rica.<\/p>\n<p><\/span><span title=\"Smile again with Dental Implants in Costa Rica\">Sonria de nuevo con implantes dentales en Costa Rica<\/span><\/span><\/p>\n<p><img loading=\"lazy\" decoding=\"async\" class=\"alignleft wp-image-176\" src=\"http:\/\/sonriacr.com\/wp-content\/uploads\/2017\/08\/American-Dental-Association-100x100.png\" alt=\"dental boutique\" width=\"86\" height=\"86\" srcset=\"https:\/\/sonriacr.com\/wp-content\/uploads\/2017\/08\/American-Dental-Association-100x100.png 100w, https:\/\/sonriacr.com\/wp-content\/uploads\/2017\/08\/American-Dental-Association-100x100-50x50.png 50w, https:\/\/sonriacr.com\/wp-content\/uploads\/2017\/08\/American-Dental-Association-100x100-75x75.png 75w, https:\/\/sonriacr.com\/wp-content\/uploads\/2017\/08\/American-Dental-Association-100x100-85x85.png 85w, https:\/\/sonriacr.com\/wp-content\/uploads\/2017\/08\/American-Dental-Association-100x100-80x80.png 80w\" sizes=\"auto, (max-width:767px) 86px, 86px\" \/><span id=\"result_box\" class=\"\" lang=\"es\"><span class=\"\">Los materiales y las pr\u00f3tesis que utilizamos cumplen con los est\u00e1ndares m\u00e1s estrictos de la ADA y superan las expectativas de los certificadores internacionales de calidad dental.<\/span> De esta forma, nuestro socio de laboratorio dental y nuestro equipo interno se aseguran de que cada paciente reciba solo los materiales y la tecnolog\u00eda de mejor calidad.<\/p>\n<p><\/span><em><strong><span id=\"result_box\" class=\"\" lang=\"es\">Nuestra ubicaci\u00f3n en Costa Rica nos permite ofrecer el mejor trabajo dental a precios que nuestros pacientes pueden pagar. <span class=\"\">Esta es otra raz\u00f3n por la cual nuestros pacientes internacionales regresan a casa con una sonrisa.<\/span><\/span><\/strong><\/em><\/p>\n","protected":false},"excerpt":{"rendered":"<p>Detr\u00e1s de cada gran dentista, hay un gran laboratorio dental En la mayor\u00eda de los casos, es el dentista quien obtiene todo el cr\u00e9dito por un<span class=\"excerpt-hellip\"> [\u2026]<\/span><\/p>\n","protected":false},"author":2,"featured_media":0,"parent":0,"menu_order":0,"comment_status":"closed","ping_status":"closed","template":"","meta":{"footnotes":""},"class_list":["post-2964","page","type-page","status-publish","hentry"],"yoast_head":"<!-- This site is optimized with the Yoast SEO plugin v27.4 - https:\/\/yoast.com\/product\/yoast-seo-wordpress\/ -->\n<title>Laboratorio Dental de Vanguardia - Costa Rica Dental Implants at Sonria Dental Clinic<\/title>\n<meta name=\"robots\" content=\"index, follow, max-snippet:-1, max-image-preview:large, max-video-preview:-1\" \/>\n<link rel=\"canonical\" href=\"https:\/\/sonriacr.com\/es\/laboratorio-dental-de-vanguardia\/\" \/>\n<meta name=\"twitter:label1\" content=\"Tiempo de lectura\" \/>\n\t<meta name=\"twitter:data1\" content=\"2 minutos\" \/>\n<script type=\"application\/ld+json\" class=\"yoast-schema-graph\">{\"@context\":\"https:\\\/\\\/schema.org\",\"@graph\":[{\"@type\":\"WebPage\",\"@id\":\"https:\\\/\\\/sonriacr.com\\\/es\\\/laboratorio-dental-de-vanguardia\\\/\",\"url\":\"https:\\\/\\\/sonriacr.com\\\/es\\\/laboratorio-dental-de-vanguardia\\\/\",\"name\":\"Laboratorio Dental de Vanguardia - Costa Rica Dental Implants at Sonria Dental Clinic\",\"isPartOf\":{\"@id\":\"https:\\\/\\\/sonriacr.com\\\/es\\\/#website\"},\"primaryImageOfPage\":{\"@id\":\"https:\\\/\\\/sonriacr.com\\\/es\\\/laboratorio-dental-de-vanguardia\\\/#primaryimage\"},\"image\":{\"@id\":\"https:\\\/\\\/sonriacr.com\\\/es\\\/laboratorio-dental-de-vanguardia\\\/#primaryimage\"},\"thumbnailUrl\":\"http:\\\/\\\/sonriacr.com\\\/wp-content\\\/uploads\\\/2017\\\/08\\\/viax-dental-lab-768x323-300x126.png\",\"datePublished\":\"2017-08-23T00:40:10+00:00\",\"dateModified\":\"2020-06-30T02:53:52+00:00\",\"breadcrumb\":{\"@id\":\"https:\\\/\\\/sonriacr.com\\\/es\\\/laboratorio-dental-de-vanguardia\\\/#breadcrumb\"},\"inLanguage\":\"es\",\"potentialAction\":[{\"@type\":\"ReadAction\",\"target\":[\"https:\\\/\\\/sonriacr.com\\\/es\\\/laboratorio-dental-de-vanguardia\\\/\"]}]},{\"@type\":\"ImageObject\",\"inLanguage\":\"es\",\"@id\":\"https:\\\/\\\/sonriacr.com\\\/es\\\/laboratorio-dental-de-vanguardia\\\/#primaryimage\",\"url\":\"http:\\\/\\\/sonriacr.com\\\/wp-content\\\/uploads\\\/2017\\\/08\\\/viax-dental-lab-768x323-300x126.png\",\"contentUrl\":\"http:\\\/\\\/sonriacr.com\\\/wp-content\\\/uploads\\\/2017\\\/08\\\/viax-dental-lab-768x323-300x126.png\"},{\"@type\":\"BreadcrumbList\",\"@id\":\"https:\\\/\\\/sonriacr.com\\\/es\\\/laboratorio-dental-de-vanguardia\\\/#breadcrumb\",\"itemListElement\":[{\"@type\":\"ListItem\",\"position\":1,\"name\":\"Home\",\"item\":\"https:\\\/\\\/sonriacr.com\\\/es\\\/\"},{\"@type\":\"ListItem\",\"position\":2,\"name\":\"Laboratorio Dental de Vanguardia\"}]},{\"@type\":\"WebSite\",\"@id\":\"https:\\\/\\\/sonriacr.com\\\/es\\\/#website\",\"url\":\"https:\\\/\\\/sonriacr.com\\\/es\\\/\",\"name\":\"Costa Rica Dental Implants at Sonria Dental Clinic\",\"description\":\"Costa Rica Dental Implants at Affordable Costa Rica Dental Prices - Sonria Dental Clinic\",\"publisher\":{\"@id\":\"https:\\\/\\\/sonriacr.com\\\/es\\\/#organization\"},\"potentialAction\":[{\"@type\":\"SearchAction\",\"target\":{\"@type\":\"EntryPoint\",\"urlTemplate\":\"https:\\\/\\\/sonriacr.com\\\/es\\\/?s={search_term_string}\"},\"query-input\":{\"@type\":\"PropertyValueSpecification\",\"valueRequired\":true,\"valueName\":\"search_term_string\"}}],\"inLanguage\":\"es\"},{\"@type\":\"Organization\",\"@id\":\"https:\\\/\\\/sonriacr.com\\\/es\\\/#organization\",\"name\":\"Sonria Dental Clinic\",\"url\":\"https:\\\/\\\/sonriacr.com\\\/es\\\/\",\"logo\":{\"@type\":\"ImageObject\",\"inLanguage\":\"es\",\"@id\":\"https:\\\/\\\/sonriacr.com\\\/es\\\/#\\\/schema\\\/logo\\\/image\\\/\",\"url\":\"https:\\\/\\\/sonriacr.com\\\/wp-content\\\/uploads\\\/2019\\\/06\\\/logosmall.png\",\"contentUrl\":\"https:\\\/\\\/sonriacr.com\\\/wp-content\\\/uploads\\\/2019\\\/06\\\/logosmall.png\",\"width\":166,\"height\":60,\"caption\":\"Sonria Dental Clinic\"},\"image\":{\"@id\":\"https:\\\/\\\/sonriacr.com\\\/es\\\/#\\\/schema\\\/logo\\\/image\\\/\"}}]}<\/script>\n<!-- \/ Yoast SEO plugin. -->","yoast_head_json":{"title":"Laboratorio Dental de Vanguardia - Costa Rica Dental Implants at Sonria Dental Clinic","robots":{"index":"index","follow":"follow","max-snippet":"max-snippet:-1","max-image-preview":"max-image-preview:large","max-video-preview":"max-video-preview:-1"},"canonical":"https:\/\/sonriacr.com\/es\/laboratorio-dental-de-vanguardia\/","twitter_misc":{"Tiempo de lectura":"2 minutos"},"schema":{"@context":"https:\/\/schema.org","@graph":[{"@type":"WebPage","@id":"https:\/\/sonriacr.com\/es\/laboratorio-dental-de-vanguardia\/","url":"https:\/\/sonriacr.com\/es\/laboratorio-dental-de-vanguardia\/","name":"Laboratorio Dental de Vanguardia - Costa Rica Dental Implants at Sonria Dental Clinic","isPartOf":{"@id":"https:\/\/sonriacr.com\/es\/#website"},"primaryImageOfPage":{"@id":"https:\/\/sonriacr.com\/es\/laboratorio-dental-de-vanguardia\/#primaryimage"},"image":{"@id":"https:\/\/sonriacr.com\/es\/laboratorio-dental-de-vanguardia\/#primaryimage"},"thumbnailUrl":"http:\/\/sonriacr.com\/wp-content\/uploads\/2017\/08\/viax-dental-lab-768x323-300x126.png","datePublished":"2017-08-23T00:40:10+00:00","dateModified":"2020-06-30T02:53:52+00:00","breadcrumb":{"@id":"https:\/\/sonriacr.com\/es\/laboratorio-dental-de-vanguardia\/#breadcrumb"},"inLanguage":"es","potentialAction":[{"@type":"ReadAction","target":["https:\/\/sonriacr.com\/es\/laboratorio-dental-de-vanguardia\/"]}]},{"@type":"ImageObject","inLanguage":"es","@id":"https:\/\/sonriacr.com\/es\/laboratorio-dental-de-vanguardia\/#primaryimage","url":"http:\/\/sonriacr.com\/wp-content\/uploads\/2017\/08\/viax-dental-lab-768x323-300x126.png","contentUrl":"http:\/\/sonriacr.com\/wp-content\/uploads\/2017\/08\/viax-dental-lab-768x323-300x126.png"},{"@type":"BreadcrumbList","@id":"https:\/\/sonriacr.com\/es\/laboratorio-dental-de-vanguardia\/#breadcrumb","itemListElement":[{"@type":"ListItem","position":1,"name":"Home","item":"https:\/\/sonriacr.com\/es\/"},{"@type":"ListItem","position":2,"name":"Laboratorio Dental de Vanguardia"}]},{"@type":"WebSite","@id":"https:\/\/sonriacr.com\/es\/#website","url":"https:\/\/sonriacr.com\/es\/","name":"Costa Rica Dental Implants at Sonria Dental Clinic","description":"Costa Rica Dental Implants at Affordable Costa Rica Dental Prices - Sonria Dental Clinic","publisher":{"@id":"https:\/\/sonriacr.com\/es\/#organization"},"potentialAction":[{"@type":"SearchAction","target":{"@type":"EntryPoint","urlTemplate":"https:\/\/sonriacr.com\/es\/?s={search_term_string}"},"query-input":{"@type":"PropertyValueSpecification","valueRequired":true,"valueName":"search_term_string"}}],"inLanguage":"es"},{"@type":"Organization","@id":"https:\/\/sonriacr.com\/es\/#organization","name":"Sonria Dental Clinic","url":"https:\/\/sonriacr.com\/es\/","logo":{"@type":"ImageObject","inLanguage":"es","@id":"https:\/\/sonriacr.com\/es\/#\/schema\/logo\/image\/","url":"https:\/\/sonriacr.com\/wp-content\/uploads\/2019\/06\/logosmall.png","contentUrl":"https:\/\/sonriacr.com\/wp-content\/uploads\/2019\/06\/logosmall.png","width":166,"height":60,"caption":"Sonria Dental Clinic"},"image":{"@id":"https:\/\/sonriacr.com\/es\/#\/schema\/logo\/image\/"}}]}},"_links":{"self":[{"href":"https:\/\/sonriacr.com\/es\/wp-json\/wp\/v2\/pages\/2964","targetHints":{"allow":["GET"]}}],"collection":[{"href":"https:\/\/sonriacr.com\/es\/wp-json\/wp\/v2\/pages"}],"about":[{"href":"https:\/\/sonriacr.com\/es\/wp-json\/wp\/v2\/types\/page"}],"author":[{"embeddable":true,"href":"https:\/\/sonriacr.com\/es\/wp-json\/wp\/v2\/users\/2"}],"replies":[{"embeddable":true,"href":"https:\/\/sonriacr.com\/es\/wp-json\/wp\/v2\/comments?post=2964"}],"version-history":[{"count":0,"href":"https:\/\/sonriacr.com\/es\/wp-json\/wp\/v2\/pages\/2964\/revisions"}],"wp:attachment":[{"href":"https:\/\/sonriacr.com\/es\/wp-json\/wp\/v2\/media?parent=2964"}],"curies":[{"name":"wp","href":"https:\/\/api.w.org\/{rel}","templated":true}]}}