{"id":2982,"date":"2017-08-23T11:55:47","date_gmt":"2017-08-23T17:55:47","guid":{"rendered":"http:\/\/sonriacr.com\/restored\/savings\/"},"modified":"2020-07-31T13:52:32","modified_gmt":"2020-07-31T19:52:32","slug":"ahorro-dentista-costa-rica","status":"publish","type":"page","link":"https:\/\/sonriacr.com\/es\/ahorro-dentista-costa-rica\/","title":{"rendered":"Ahorre"},"content":{"rendered":"\n<h2 class=\"wp-block-heading\">Gran ahorro<\/h2>\n\n\n\n<div class=\"wp-block-image\"><figure class=\"alignleft size-large is-resized\"><a href=\"http:\/\/sonriacr.com\/wp-content\/uploads\/2017\/08\/savedentalpricescostarica-300x128.jpg\"><img loading=\"lazy\" decoding=\"async\" src=\"https:\/\/sonriacr.com\/wp-content\/uploads\/2019\/06\/smile-makeover-package-dental-tourism-1.jpg\" alt=\"\" class=\"wp-image-3949\" width=\"268\" height=\"206\" srcset=\"https:\/\/sonriacr.com\/wp-content\/uploads\/2019\/06\/smile-makeover-package-dental-tourism-1.jpg 370w, https:\/\/sonriacr.com\/wp-content\/uploads\/2019\/06\/smile-makeover-package-dental-tourism-1-300x231.jpg 300w, https:\/\/sonriacr.com\/wp-content\/uploads\/2019\/06\/smile-makeover-package-dental-tourism-1-190x146.jpg 190w, https:\/\/sonriacr.com\/wp-content\/uploads\/2019\/06\/smile-makeover-package-dental-tourism-1-50x39.jpg 50w, https:\/\/sonriacr.com\/wp-content\/uploads\/2019\/06\/smile-makeover-package-dental-tourism-1-97x75.jpg 97w\" sizes=\"auto, (max-width:767px) 268px, 268px\" \/><\/a><\/figure><\/div>\n\n\n\n<p>Ahorre hasta 50% &#8211; 70% en cuidado dental en Costa Rica<\/p>\n\n\n\n<p>Cuanto m\u00e1s complejo sea el procedimiento que necesite y cuantos m\u00e1s procedimientos necesite, mayores ser\u00e1n los ahorros en costos cuando elija recibir su cuidado dental en Costa Rica. Muchos pacientes internacionales aprovechan el viaje para recibir procedimientos adicionales, como carillas, blanqueamiento dental o incluso cirug\u00eda est\u00e9tica, que es muy asequible en Costa Rica.<\/p>\n\n\n\n<p><strong>\u00bfPor qu\u00e9 actuar hoy?<\/strong><\/p>\n\n\n\n<p>Actuar ahora podr\u00eda reducir sus facturas dentales.<\/p>\n\n\n\n<p>Si tiene un diente roto o necesita un relleno, y pospone su visita al dentista, aumenta la probabilidad de que su diente se infecte y necesite un tratamiento de conducto y una corona. Un tratamiento relativamente simple se vuelve m\u00e1s complejo y costoso. Y si pospone el tratamiento por m\u00e1s tiempo, f\u00e1cilmente podr\u00eda terminar con una infecci\u00f3n tan profunda que quiz\u00e1s no sea posible salvar el diente. Es posible que necesite una extracci\u00f3n y un puente o implante dental, que son incluso m\u00e1s caros.<\/p>\n\n\n\n<p>No solo es importante actuar r\u00e1pidamente por razones econ\u00f3micas, su salud est\u00e1 en juego. Respaldar su salud en general es un objetivo importante del tratamiento dental moderno. Obviamente, siempre es mejor retener sus dientes naturales en un estado saludable siempre que sea posible. Pero el tratamiento dental no se trata solo de dientes. Estamos viendo informaci\u00f3n nueva todo el tiempo que sugiere que el tratamiento dental oportuno tambi\u00e9n puede ayudarlo de otras maneras.<\/p>\n","protected":false},"excerpt":{"rendered":"<p>Gran ahorro Ahorre hasta 50% &#8211; 70% en cuidado dental en Costa Rica Cuanto m\u00e1s complejo sea el procedimiento que necesite y cuantos m\u00e1s procedimientos necesite,<span class=\"excerpt-hellip\"> [\u2026]<\/span><\/p>\n","protected":false},"author":2,"featured_media":0,"parent":0,"menu_order":0,"comment_status":"closed","ping_status":"closed","template":"","meta":{"footnotes":""},"class_list":["post-2982","page","type-page","status-publish","hentry"],"yoast_head":"<!-- This site is optimized with the Yoast SEO plugin v27.4 - https:\/\/yoast.com\/product\/yoast-seo-wordpress\/ -->\n<title>Ahorre - Costa Rica Dental Implants at Sonria Dental Clinic<\/title>\n<meta name=\"robots\" content=\"index, follow, max-snippet:-1, max-image-preview:large, max-video-preview:-1\" \/>\n<link rel=\"canonical\" href=\"https:\/\/sonriacr.com\/es\/ahorro-dentista-costa-rica\/\" \/>\n<meta name=\"twitter:label1\" content=\"Tiempo de lectura\" \/>\n\t<meta name=\"twitter:data1\" content=\"1 minuto\" \/>\n<script type=\"application\/ld+json\" class=\"yoast-schema-graph\">{\"@context\":\"https:\\\/\\\/schema.org\",\"@graph\":[{\"@type\":\"WebPage\",\"@id\":\"https:\\\/\\\/sonriacr.com\\\/es\\\/ahorro-dentista-costa-rica\\\/\",\"url\":\"https:\\\/\\\/sonriacr.com\\\/es\\\/ahorro-dentista-costa-rica\\\/\",\"name\":\"Ahorre - Costa Rica Dental Implants at Sonria Dental Clinic\",\"isPartOf\":{\"@id\":\"https:\\\/\\\/sonriacr.com\\\/es\\\/#website\"},\"primaryImageOfPage\":{\"@id\":\"https:\\\/\\\/sonriacr.com\\\/es\\\/ahorro-dentista-costa-rica\\\/#primaryimage\"},\"image\":{\"@id\":\"https:\\\/\\\/sonriacr.com\\\/es\\\/ahorro-dentista-costa-rica\\\/#primaryimage\"},\"thumbnailUrl\":\"https:\\\/\\\/sonriacr.com\\\/wp-content\\\/uploads\\\/2019\\\/06\\\/smile-makeover-package-dental-tourism-1.jpg\",\"datePublished\":\"2017-08-23T17:55:47+00:00\",\"dateModified\":\"2020-07-31T19:52:32+00:00\",\"breadcrumb\":{\"@id\":\"https:\\\/\\\/sonriacr.com\\\/es\\\/ahorro-dentista-costa-rica\\\/#breadcrumb\"},\"inLanguage\":\"es\",\"potentialAction\":[{\"@type\":\"ReadAction\",\"target\":[\"https:\\\/\\\/sonriacr.com\\\/es\\\/ahorro-dentista-costa-rica\\\/\"]}]},{\"@type\":\"ImageObject\",\"inLanguage\":\"es\",\"@id\":\"https:\\\/\\\/sonriacr.com\\\/es\\\/ahorro-dentista-costa-rica\\\/#primaryimage\",\"url\":\"https:\\\/\\\/sonriacr.com\\\/wp-content\\\/uploads\\\/2019\\\/06\\\/smile-makeover-package-dental-tourism-1.jpg\",\"contentUrl\":\"https:\\\/\\\/sonriacr.com\\\/wp-content\\\/uploads\\\/2019\\\/06\\\/smile-makeover-package-dental-tourism-1.jpg\"},{\"@type\":\"BreadcrumbList\",\"@id\":\"https:\\\/\\\/sonriacr.com\\\/es\\\/ahorro-dentista-costa-rica\\\/#breadcrumb\",\"itemListElement\":[{\"@type\":\"ListItem\",\"position\":1,\"name\":\"Home\",\"item\":\"https:\\\/\\\/sonriacr.com\\\/es\\\/\"},{\"@type\":\"ListItem\",\"position\":2,\"name\":\"Ahorre\"}]},{\"@type\":\"WebSite\",\"@id\":\"https:\\\/\\\/sonriacr.com\\\/es\\\/#website\",\"url\":\"https:\\\/\\\/sonriacr.com\\\/es\\\/\",\"name\":\"Costa Rica Dental Implants at Sonria Dental Clinic\",\"description\":\"Costa Rica Dental Implants at Affordable Costa Rica Dental Prices - Sonria Dental Clinic\",\"publisher\":{\"@id\":\"https:\\\/\\\/sonriacr.com\\\/es\\\/#organization\"},\"potentialAction\":[{\"@type\":\"SearchAction\",\"target\":{\"@type\":\"EntryPoint\",\"urlTemplate\":\"https:\\\/\\\/sonriacr.com\\\/es\\\/?s={search_term_string}\"},\"query-input\":{\"@type\":\"PropertyValueSpecification\",\"valueRequired\":true,\"valueName\":\"search_term_string\"}}],\"inLanguage\":\"es\"},{\"@type\":\"Organization\",\"@id\":\"https:\\\/\\\/sonriacr.com\\\/es\\\/#organization\",\"name\":\"Sonria Dental Clinic\",\"url\":\"https:\\\/\\\/sonriacr.com\\\/es\\\/\",\"logo\":{\"@type\":\"ImageObject\",\"inLanguage\":\"es\",\"@id\":\"https:\\\/\\\/sonriacr.com\\\/es\\\/#\\\/schema\\\/logo\\\/image\\\/\",\"url\":\"https:\\\/\\\/sonriacr.com\\\/wp-content\\\/uploads\\\/2019\\\/06\\\/logosmall.png\",\"contentUrl\":\"https:\\\/\\\/sonriacr.com\\\/wp-content\\\/uploads\\\/2019\\\/06\\\/logosmall.png\",\"width\":166,\"height\":60,\"caption\":\"Sonria Dental Clinic\"},\"image\":{\"@id\":\"https:\\\/\\\/sonriacr.com\\\/es\\\/#\\\/schema\\\/logo\\\/image\\\/\"}}]}<\/script>\n<!-- \/ Yoast SEO plugin. -->","yoast_head_json":{"title":"Ahorre - Costa Rica Dental Implants at Sonria Dental Clinic","robots":{"index":"index","follow":"follow","max-snippet":"max-snippet:-1","max-image-preview":"max-image-preview:large","max-video-preview":"max-video-preview:-1"},"canonical":"https:\/\/sonriacr.com\/es\/ahorro-dentista-costa-rica\/","twitter_misc":{"Tiempo de lectura":"1 minuto"},"schema":{"@context":"https:\/\/schema.org","@graph":[{"@type":"WebPage","@id":"https:\/\/sonriacr.com\/es\/ahorro-dentista-costa-rica\/","url":"https:\/\/sonriacr.com\/es\/ahorro-dentista-costa-rica\/","name":"Ahorre - Costa Rica Dental Implants at Sonria Dental Clinic","isPartOf":{"@id":"https:\/\/sonriacr.com\/es\/#website"},"primaryImageOfPage":{"@id":"https:\/\/sonriacr.com\/es\/ahorro-dentista-costa-rica\/#primaryimage"},"image":{"@id":"https:\/\/sonriacr.com\/es\/ahorro-dentista-costa-rica\/#primaryimage"},"thumbnailUrl":"https:\/\/sonriacr.com\/wp-content\/uploads\/2019\/06\/smile-makeover-package-dental-tourism-1.jpg","datePublished":"2017-08-23T17:55:47+00:00","dateModified":"2020-07-31T19:52:32+00:00","breadcrumb":{"@id":"https:\/\/sonriacr.com\/es\/ahorro-dentista-costa-rica\/#breadcrumb"},"inLanguage":"es","potentialAction":[{"@type":"ReadAction","target":["https:\/\/sonriacr.com\/es\/ahorro-dentista-costa-rica\/"]}]},{"@type":"ImageObject","inLanguage":"es","@id":"https:\/\/sonriacr.com\/es\/ahorro-dentista-costa-rica\/#primaryimage","url":"https:\/\/sonriacr.com\/wp-content\/uploads\/2019\/06\/smile-makeover-package-dental-tourism-1.jpg","contentUrl":"https:\/\/sonriacr.com\/wp-content\/uploads\/2019\/06\/smile-makeover-package-dental-tourism-1.jpg"},{"@type":"BreadcrumbList","@id":"https:\/\/sonriacr.com\/es\/ahorro-dentista-costa-rica\/#breadcrumb","itemListElement":[{"@type":"ListItem","position":1,"name":"Home","item":"https:\/\/sonriacr.com\/es\/"},{"@type":"ListItem","position":2,"name":"Ahorre"}]},{"@type":"WebSite","@id":"https:\/\/sonriacr.com\/es\/#website","url":"https:\/\/sonriacr.com\/es\/","name":"Costa Rica Dental Implants at Sonria Dental Clinic","description":"Costa Rica Dental Implants at Affordable Costa Rica Dental Prices - Sonria Dental Clinic","publisher":{"@id":"https:\/\/sonriacr.com\/es\/#organization"},"potentialAction":[{"@type":"SearchAction","target":{"@type":"EntryPoint","urlTemplate":"https:\/\/sonriacr.com\/es\/?s={search_term_string}"},"query-input":{"@type":"PropertyValueSpecification","valueRequired":true,"valueName":"search_term_string"}}],"inLanguage":"es"},{"@type":"Organization","@id":"https:\/\/sonriacr.com\/es\/#organization","name":"Sonria Dental Clinic","url":"https:\/\/sonriacr.com\/es\/","logo":{"@type":"ImageObject","inLanguage":"es","@id":"https:\/\/sonriacr.com\/es\/#\/schema\/logo\/image\/","url":"https:\/\/sonriacr.com\/wp-content\/uploads\/2019\/06\/logosmall.png","contentUrl":"https:\/\/sonriacr.com\/wp-content\/uploads\/2019\/06\/logosmall.png","width":166,"height":60,"caption":"Sonria Dental Clinic"},"image":{"@id":"https:\/\/sonriacr.com\/es\/#\/schema\/logo\/image\/"}}]}},"_links":{"self":[{"href":"https:\/\/sonriacr.com\/es\/wp-json\/wp\/v2\/pages\/2982","targetHints":{"allow":["GET"]}}],"collection":[{"href":"https:\/\/sonriacr.com\/es\/wp-json\/wp\/v2\/pages"}],"about":[{"href":"https:\/\/sonriacr.com\/es\/wp-json\/wp\/v2\/types\/page"}],"author":[{"embeddable":true,"href":"https:\/\/sonriacr.com\/es\/wp-json\/wp\/v2\/users\/2"}],"replies":[{"embeddable":true,"href":"https:\/\/sonriacr.com\/es\/wp-json\/wp\/v2\/comments?post=2982"}],"version-history":[{"count":0,"href":"https:\/\/sonriacr.com\/es\/wp-json\/wp\/v2\/pages\/2982\/revisions"}],"wp:attachment":[{"href":"https:\/\/sonriacr.com\/es\/wp-json\/wp\/v2\/media?parent=2982"}],"curies":[{"name":"wp","href":"https:\/\/api.w.org\/{rel}","templated":true}]}}