{"id":3005,"date":"2017-09-01T12:02:49","date_gmt":"2017-09-01T18:02:49","guid":{"rendered":"http:\/\/sonriacr.com\/restored\/dr-tatiana-madrigal\/"},"modified":"2017-10-23T19:23:48","modified_gmt":"2017-10-24T01:23:48","slug":"dr-tatiana-madrigal","status":"publish","type":"page","link":"https:\/\/sonriacr.com\/es\/dr-tatiana-madrigal\/","title":{"rendered":"Dr. Tatiana Madrigal"},"content":{"rendered":"<p>[vc_row][vc_column][vc_column_text]<\/p>\n<h2>Dr. Tatiana Madrigal<\/h2>\n<p><a href=\"http:\/\/sonriacr.com\/wp-content\/uploads\/2017\/09\/sonria-dental-boutique-logo-300x250.jpg\"><img loading=\"lazy\" decoding=\"async\" class=\"size-medium wp-image-305 alignleft\" src=\"http:\/\/sonriacr.com\/wp-content\/uploads\/2017\/09\/sonria-dental-boutique-logo-300x250-300x250.jpg\" alt=\"\" width=\"300\" height=\"250\" srcset=\"https:\/\/sonriacr.com\/wp-content\/uploads\/2017\/09\/sonria-dental-boutique-logo-300x250.jpg 300w, https:\/\/sonriacr.com\/wp-content\/uploads\/2017\/09\/sonria-dental-boutique-logo-300x250-175x146.jpg 175w, https:\/\/sonriacr.com\/wp-content\/uploads\/2017\/09\/sonria-dental-boutique-logo-300x250-50x42.jpg 50w, https:\/\/sonriacr.com\/wp-content\/uploads\/2017\/09\/sonria-dental-boutique-logo-300x250-90x75.jpg 90w\" sizes=\"auto, (max-width:767px) 300px, 300px\" \/><\/a><span id=\"result_box\" class=\"\" lang=\"es\"><span class=\"\">La Dr. Madrigal es nuestra periodoncista.<\/span> Ella ayuda a prevenir, diagnosticar y tratar la enfermedad de las enc\u00edas. <span class=\"\">Dado que la enfermedad de las enc\u00edas es la principal raz\u00f3n de la p\u00e9rdida de dientes en los Estados Unidos, el Dr. Madrigal ha demostrado ser un aliado valioso para lograr una boca y dientes sanos.<\/span><\/span><\/p>\n<p><a href=\"http:\/\/sonriacr.com\/wp-content\/uploads\/2017\/09\/tatiana-email.png\"><img loading=\"lazy\" decoding=\"async\" class=\"alignnone size-medium wp-image-303\" src=\"http:\/\/sonriacr.com\/wp-content\/uploads\/2017\/09\/tatiana-email-300x39.png\" alt=\"Sonria dental boutique costa rica\" width=\"300\" height=\"39\" srcset=\"https:\/\/sonriacr.com\/wp-content\/uploads\/2017\/09\/tatiana-email-300x39.png 300w, https:\/\/sonriacr.com\/wp-content\/uploads\/2017\/09\/tatiana-email-260x34.png 260w, https:\/\/sonriacr.com\/wp-content\/uploads\/2017\/09\/tatiana-email-50x7.png 50w, https:\/\/sonriacr.com\/wp-content\/uploads\/2017\/09\/tatiana-email-150x20.png 150w, https:\/\/sonriacr.com\/wp-content\/uploads\/2017\/09\/tatiana-email.png 350w\" sizes=\"auto, (max-width:767px) 300px, 300px\" \/><\/a><\/p>\n<p>&nbsp;<\/p>\n<p>&nbsp;<\/p>\n<p>&nbsp;<\/p>\n<p>[\/vc_column_text][\/vc_column][\/vc_row][vc_row][vc_column width=\u00bb1\/2&#8243;][vc_column_text]<\/p>\n<div class=\"one_half\">\n<h3>Educaci\u00f3n<\/h3>\n<p><strong>1996 \u2013 1998<\/strong><\/p>\n<ul>\n<li><span id=\"result_box\" class=\"\" lang=\"es\"><span class=\"\">Maestr\u00eda en Periodoncia<\/span><\/span><\/li>\n<li><span id=\"result_box\" class=\"\" lang=\"es\"><span class=\"\">Universidad de la Autonom\u00eda de Nuevo Le\u00f3n, M\u00e9xico<\/span><\/span><\/li>\n<\/ul>\n<p><strong>1987 \u2013 1993<\/strong><\/p>\n<ul>\n<li><span id=\"result_box\" class=\"\" lang=\"es\"><span class=\"\">Doctor en Cirug\u00eda Dental<\/span><\/span><\/li>\n<li><span id=\"result_box\" class=\"\" lang=\"es\"><span class=\"\">Universidad de Costa Rica<\/span><\/span><\/li>\n<\/ul>\n<p>&nbsp;<\/p>\n<h3>Experiencia Profesional<\/h3>\n<p><strong>2012 \u2013 Presente<\/strong><\/p>\n<ul>\n<li><span id=\"result_box\" class=\"\" lang=\"es\"><span class=\"\">Cl\u00ednica dental Sonria, pr\u00e1ctica privada como periodoncista<\/span><\/span><\/li>\n<\/ul>\n<p><strong>1999 \u2013 Presente<\/strong><\/p>\n<ul>\n<li><span id=\"result_box\" class=\"\" lang=\"es\"><span class=\"\">Varias cl\u00ednicas dentales en San Jos\u00e9, pr\u00e1ctica privada como periodoncista<\/span><\/span><\/li>\n<\/ul>\n<p><strong>1999 \u2013 2005<\/strong><\/p>\n<ul>\n<li><span id=\"result_box\" class=\"\" lang=\"es\"><span class=\"\">Universidad Latina de Costa Rica (ULATINA), Coordinadora de la C\u00e1tedra de Periodoncia<\/span><\/span><\/li>\n<\/ul>\n<p><strong>1995 -1996<\/strong><\/p>\n<ul>\n<li><span id=\"result_box\" class=\"\" lang=\"es\"><span class=\"\">Cl\u00ednica dental en Escaz\u00fa, pr\u00e1ctica privada como DDS<\/span><\/span><\/li>\n<\/ul>\n<p><strong>1994 \u2013 1995<\/strong><\/p>\n<ul>\n<li><span id=\"result_box\" class=\"\" lang=\"es\"><span class=\"\">Servicio social<\/span><\/span><\/li>\n<li><span id=\"result_box\" class=\"\" lang=\"es\">Agua Zarcas, Cl\u00ednica San Carlos. <span class=\"\">(CCSS)<\/span><\/span><\/li>\n<\/ul>\n<\/div>\n<p>[\/vc_column_text][\/vc_column][vc_column width=\u00bb1\/2&#8243;][vc_column_text]<\/p>\n<div class=\"one_half last\">\n<h3>Educaci\u00f3n Continua<\/h3>\n<p><strong>September 2003<\/strong><\/p>\n<ul>\n<li><span id=\"result_box\" class=\"\" lang=\"es\"><span class=\"\">Congreso anual de Periodoncia, AAP<\/span><\/span><\/li>\n<\/ul>\n<p><strong>May 2002<\/strong><\/p>\n<ul>\n<li><span id=\"result_box\" class=\"\" lang=\"es\"><span class=\"\">Congreso Cartago &#8211; Turrialba<\/span><\/span><\/li>\n<\/ul>\n<p><strong>September 2000<\/strong><\/p>\n<ul>\n<li><span id=\"result_box\" class=\"\" lang=\"es\"><span class=\"\">Congreso anual de Periodoncia, AAP<\/span><\/span><\/li>\n<\/ul>\n<p><strong>1999<\/strong><\/p>\n<ul>\n<li><span id=\"result_box\" class=\"\" lang=\"es\"><span class=\"\">Control de Infecciones y Sistema de Gesti\u00f3n de Instrumentos, Hu &#8211; Friedy<\/span><\/span><\/li>\n<\/ul>\n<p><strong>February 1998<\/strong><\/p>\n<ul>\n<li><span id=\"result_box\" class=\"\" lang=\"es\">Reuni\u00f3n Anual de Periodoncia Postgrado Interdepartamental<\/span><\/li>\n<li><span id=\"result_box\" class=\"\" lang=\"es\"><span class=\"\">Colegio de Odontolog\u00eda Baylor &#8211; UANL<\/span><\/span><\/li>\n<\/ul>\n<p><strong>March 1998<\/strong><\/p>\n<ul>\n<li><span id=\"result_box\" class=\"\" lang=\"es\"><span class=\"\">Postgrado de Periodoncia, Baylor College of Dentistry &#8211; UANL<\/span><\/span><\/li>\n<\/ul>\n<p><strong>May 1996<\/strong><\/p>\n<ul>\n<li><span id=\"result_box\" class=\"\" lang=\"es\"><span class=\"\">Curso de Cl\u00ednica Comercial y Actualizaci\u00f3n de Cosm\u00e9ticos<\/span><\/span><\/li>\n<\/ul>\n<p><strong>May 1995<\/strong><\/p>\n<ul>\n<li><span id=\"result_box\" class=\"\" lang=\"es\"><span class=\"\">Congreso FOCAP<\/span><\/span><\/li>\n<\/ul>\n<\/div>\n<p>[\/vc_column_text][\/vc_column][\/vc_row]<\/p>\n","protected":false},"excerpt":{"rendered":"<p>[vc_row][vc_column][vc_column_text] Dr. Tatiana Madrigal La Dr. Madrigal es nuestra periodoncista. Ella ayuda a prevenir, diagnosticar y tratar la enfermedad de las enc\u00edas. Dado que la enfermedad<span class=\"excerpt-hellip\"> [\u2026]<\/span><\/p>\n","protected":false},"author":2,"featured_media":0,"parent":0,"menu_order":0,"comment_status":"closed","ping_status":"closed","template":"","meta":{"footnotes":""},"class_list":["post-3005","page","type-page","status-publish","hentry"],"yoast_head":"<!-- This site is optimized with the Yoast SEO plugin v27.4 - https:\/\/yoast.com\/product\/yoast-seo-wordpress\/ -->\n<title>Dr. Tatiana Madrigal - Costa Rica Dental Implants at Sonria Dental Clinic<\/title>\n<meta name=\"robots\" content=\"index, follow, max-snippet:-1, max-image-preview:large, max-video-preview:-1\" \/>\n<link rel=\"canonical\" href=\"https:\/\/sonriacr.com\/es\/dr-tatiana-madrigal\/\" \/>\n<meta name=\"twitter:label1\" content=\"Tiempo de lectura\" \/>\n\t<meta name=\"twitter:data1\" content=\"1 minuto\" \/>\n<script type=\"application\/ld+json\" class=\"yoast-schema-graph\">{\"@context\":\"https:\\\/\\\/schema.org\",\"@graph\":[{\"@type\":\"WebPage\",\"@id\":\"https:\\\/\\\/sonriacr.com\\\/es\\\/dr-tatiana-madrigal\\\/\",\"url\":\"https:\\\/\\\/sonriacr.com\\\/es\\\/dr-tatiana-madrigal\\\/\",\"name\":\"Dr. Tatiana Madrigal - Costa Rica Dental Implants at Sonria Dental Clinic\",\"isPartOf\":{\"@id\":\"https:\\\/\\\/sonriacr.com\\\/es\\\/#website\"},\"primaryImageOfPage\":{\"@id\":\"https:\\\/\\\/sonriacr.com\\\/es\\\/dr-tatiana-madrigal\\\/#primaryimage\"},\"image\":{\"@id\":\"https:\\\/\\\/sonriacr.com\\\/es\\\/dr-tatiana-madrigal\\\/#primaryimage\"},\"thumbnailUrl\":\"http:\\\/\\\/sonriacr.com\\\/wp-content\\\/uploads\\\/2017\\\/09\\\/sonria-dental-boutique-logo-300x250-300x250.jpg\",\"datePublished\":\"2017-09-01T18:02:49+00:00\",\"dateModified\":\"2017-10-24T01:23:48+00:00\",\"breadcrumb\":{\"@id\":\"https:\\\/\\\/sonriacr.com\\\/es\\\/dr-tatiana-madrigal\\\/#breadcrumb\"},\"inLanguage\":\"es\",\"potentialAction\":[{\"@type\":\"ReadAction\",\"target\":[\"https:\\\/\\\/sonriacr.com\\\/es\\\/dr-tatiana-madrigal\\\/\"]}]},{\"@type\":\"ImageObject\",\"inLanguage\":\"es\",\"@id\":\"https:\\\/\\\/sonriacr.com\\\/es\\\/dr-tatiana-madrigal\\\/#primaryimage\",\"url\":\"http:\\\/\\\/sonriacr.com\\\/wp-content\\\/uploads\\\/2017\\\/09\\\/sonria-dental-boutique-logo-300x250-300x250.jpg\",\"contentUrl\":\"http:\\\/\\\/sonriacr.com\\\/wp-content\\\/uploads\\\/2017\\\/09\\\/sonria-dental-boutique-logo-300x250-300x250.jpg\"},{\"@type\":\"BreadcrumbList\",\"@id\":\"https:\\\/\\\/sonriacr.com\\\/es\\\/dr-tatiana-madrigal\\\/#breadcrumb\",\"itemListElement\":[{\"@type\":\"ListItem\",\"position\":1,\"name\":\"Home\",\"item\":\"https:\\\/\\\/sonriacr.com\\\/es\\\/\"},{\"@type\":\"ListItem\",\"position\":2,\"name\":\"Dr. Tatiana Madrigal\"}]},{\"@type\":\"WebSite\",\"@id\":\"https:\\\/\\\/sonriacr.com\\\/es\\\/#website\",\"url\":\"https:\\\/\\\/sonriacr.com\\\/es\\\/\",\"name\":\"Costa Rica Dental Implants at Sonria Dental Clinic\",\"description\":\"Costa Rica Dental Implants at Affordable Costa Rica Dental Prices - Sonria Dental Clinic\",\"publisher\":{\"@id\":\"https:\\\/\\\/sonriacr.com\\\/es\\\/#organization\"},\"potentialAction\":[{\"@type\":\"SearchAction\",\"target\":{\"@type\":\"EntryPoint\",\"urlTemplate\":\"https:\\\/\\\/sonriacr.com\\\/es\\\/?s={search_term_string}\"},\"query-input\":{\"@type\":\"PropertyValueSpecification\",\"valueRequired\":true,\"valueName\":\"search_term_string\"}}],\"inLanguage\":\"es\"},{\"@type\":\"Organization\",\"@id\":\"https:\\\/\\\/sonriacr.com\\\/es\\\/#organization\",\"name\":\"Sonria Dental Clinic\",\"url\":\"https:\\\/\\\/sonriacr.com\\\/es\\\/\",\"logo\":{\"@type\":\"ImageObject\",\"inLanguage\":\"es\",\"@id\":\"https:\\\/\\\/sonriacr.com\\\/es\\\/#\\\/schema\\\/logo\\\/image\\\/\",\"url\":\"https:\\\/\\\/sonriacr.com\\\/wp-content\\\/uploads\\\/2019\\\/06\\\/logosmall.png\",\"contentUrl\":\"https:\\\/\\\/sonriacr.com\\\/wp-content\\\/uploads\\\/2019\\\/06\\\/logosmall.png\",\"width\":166,\"height\":60,\"caption\":\"Sonria Dental Clinic\"},\"image\":{\"@id\":\"https:\\\/\\\/sonriacr.com\\\/es\\\/#\\\/schema\\\/logo\\\/image\\\/\"}}]}<\/script>\n<!-- \/ Yoast SEO plugin. -->","yoast_head_json":{"title":"Dr. Tatiana Madrigal - Costa Rica Dental Implants at Sonria Dental Clinic","robots":{"index":"index","follow":"follow","max-snippet":"max-snippet:-1","max-image-preview":"max-image-preview:large","max-video-preview":"max-video-preview:-1"},"canonical":"https:\/\/sonriacr.com\/es\/dr-tatiana-madrigal\/","twitter_misc":{"Tiempo de lectura":"1 minuto"},"schema":{"@context":"https:\/\/schema.org","@graph":[{"@type":"WebPage","@id":"https:\/\/sonriacr.com\/es\/dr-tatiana-madrigal\/","url":"https:\/\/sonriacr.com\/es\/dr-tatiana-madrigal\/","name":"Dr. Tatiana Madrigal - Costa Rica Dental Implants at Sonria Dental Clinic","isPartOf":{"@id":"https:\/\/sonriacr.com\/es\/#website"},"primaryImageOfPage":{"@id":"https:\/\/sonriacr.com\/es\/dr-tatiana-madrigal\/#primaryimage"},"image":{"@id":"https:\/\/sonriacr.com\/es\/dr-tatiana-madrigal\/#primaryimage"},"thumbnailUrl":"http:\/\/sonriacr.com\/wp-content\/uploads\/2017\/09\/sonria-dental-boutique-logo-300x250-300x250.jpg","datePublished":"2017-09-01T18:02:49+00:00","dateModified":"2017-10-24T01:23:48+00:00","breadcrumb":{"@id":"https:\/\/sonriacr.com\/es\/dr-tatiana-madrigal\/#breadcrumb"},"inLanguage":"es","potentialAction":[{"@type":"ReadAction","target":["https:\/\/sonriacr.com\/es\/dr-tatiana-madrigal\/"]}]},{"@type":"ImageObject","inLanguage":"es","@id":"https:\/\/sonriacr.com\/es\/dr-tatiana-madrigal\/#primaryimage","url":"http:\/\/sonriacr.com\/wp-content\/uploads\/2017\/09\/sonria-dental-boutique-logo-300x250-300x250.jpg","contentUrl":"http:\/\/sonriacr.com\/wp-content\/uploads\/2017\/09\/sonria-dental-boutique-logo-300x250-300x250.jpg"},{"@type":"BreadcrumbList","@id":"https:\/\/sonriacr.com\/es\/dr-tatiana-madrigal\/#breadcrumb","itemListElement":[{"@type":"ListItem","position":1,"name":"Home","item":"https:\/\/sonriacr.com\/es\/"},{"@type":"ListItem","position":2,"name":"Dr. Tatiana Madrigal"}]},{"@type":"WebSite","@id":"https:\/\/sonriacr.com\/es\/#website","url":"https:\/\/sonriacr.com\/es\/","name":"Costa Rica Dental Implants at Sonria Dental Clinic","description":"Costa Rica Dental Implants at Affordable Costa Rica Dental Prices - Sonria Dental Clinic","publisher":{"@id":"https:\/\/sonriacr.com\/es\/#organization"},"potentialAction":[{"@type":"SearchAction","target":{"@type":"EntryPoint","urlTemplate":"https:\/\/sonriacr.com\/es\/?s={search_term_string}"},"query-input":{"@type":"PropertyValueSpecification","valueRequired":true,"valueName":"search_term_string"}}],"inLanguage":"es"},{"@type":"Organization","@id":"https:\/\/sonriacr.com\/es\/#organization","name":"Sonria Dental Clinic","url":"https:\/\/sonriacr.com\/es\/","logo":{"@type":"ImageObject","inLanguage":"es","@id":"https:\/\/sonriacr.com\/es\/#\/schema\/logo\/image\/","url":"https:\/\/sonriacr.com\/wp-content\/uploads\/2019\/06\/logosmall.png","contentUrl":"https:\/\/sonriacr.com\/wp-content\/uploads\/2019\/06\/logosmall.png","width":166,"height":60,"caption":"Sonria Dental Clinic"},"image":{"@id":"https:\/\/sonriacr.com\/es\/#\/schema\/logo\/image\/"}}]}},"_links":{"self":[{"href":"https:\/\/sonriacr.com\/es\/wp-json\/wp\/v2\/pages\/3005","targetHints":{"allow":["GET"]}}],"collection":[{"href":"https:\/\/sonriacr.com\/es\/wp-json\/wp\/v2\/pages"}],"about":[{"href":"https:\/\/sonriacr.com\/es\/wp-json\/wp\/v2\/types\/page"}],"author":[{"embeddable":true,"href":"https:\/\/sonriacr.com\/es\/wp-json\/wp\/v2\/users\/2"}],"replies":[{"embeddable":true,"href":"https:\/\/sonriacr.com\/es\/wp-json\/wp\/v2\/comments?post=3005"}],"version-history":[{"count":0,"href":"https:\/\/sonriacr.com\/es\/wp-json\/wp\/v2\/pages\/3005\/revisions"}],"wp:attachment":[{"href":"https:\/\/sonriacr.com\/es\/wp-json\/wp\/v2\/media?parent=3005"}],"curies":[{"name":"wp","href":"https:\/\/api.w.org\/{rel}","templated":true}]}}