{"id":4500,"date":"2020-07-11T21:15:29","date_gmt":"2020-07-12T03:15:29","guid":{"rendered":"http:\/\/sonriacr.com\/nuestra-clinica\/"},"modified":"2020-07-11T21:20:05","modified_gmt":"2020-07-12T03:20:05","slug":"nuestra-clinica","status":"publish","type":"page","link":"https:\/\/sonriacr.com\/es\/nuestra-clinica\/","title":{"rendered":"NUESTRA CL\u00cdNICA"},"content":{"rendered":"\n<h3 class=\"wp-block-heading\">Cl\u00ednica Dental Sonr\u00eda<\/h3>\n\n<div class=\"wp-block-image\"><figure class=\"alignleft size-large is-resized\"><img loading=\"lazy\" decoding=\"async\" src=\"https:\/\/sonriacr.com\/wp-content\/uploads\/2020\/07\/recepcion-1-683x1024.jpg\" alt=\"\" class=\"wp-image-4498\" width=\"247\" height=\"370\" srcset=\"https:\/\/sonriacr.com\/wp-content\/uploads\/2020\/07\/recepcion-1-683x1024.jpg 683w, https:\/\/sonriacr.com\/wp-content\/uploads\/2020\/07\/recepcion-1-200x300.jpg 200w, https:\/\/sonriacr.com\/wp-content\/uploads\/2020\/07\/recepcion-1-768x1152.jpg 768w, https:\/\/sonriacr.com\/wp-content\/uploads\/2020\/07\/recepcion-1-97x146.jpg 97w, https:\/\/sonriacr.com\/wp-content\/uploads\/2020\/07\/recepcion-1-33x50.jpg 33w, https:\/\/sonriacr.com\/wp-content\/uploads\/2020\/07\/recepcion-1-50x75.jpg 50w, https:\/\/sonriacr.com\/wp-content\/uploads\/2020\/07\/recepcion-1.jpg 800w\" sizes=\"auto, (max-width:767px) 247px, 247px\" \/><\/figure><\/div>\n\n<p><span title=\"At Sonria Dental Boutique, each patient receives personal service and highly customized dental solutions.\">En la Cl\u00ednica Dental Sonria, cada paciente recibe un servicio personalizado y soluciones dentales altamente personalizadas. <\/span><span title=\"After getting to know you and conducting a careful analysis of your needs, your dentist will discuss options and make specific recommendations and answer any questions you have.\">Despu\u00e9s de conocerlo y realizar un an\u00e1lisis cuidadoso de sus necesidades, su dentista discutir\u00e1 las opciones y har\u00e1 recomendaciones espec\u00edficas y responder\u00e1 cualquier pregunta que tenga. <\/span><span title=\"Once you are comfortable with the recommended solution, we will provide you with the finest quality dental care using the latest techniques, state-of-the-art equipment and the highest quality, most durable materials available. \">Una vez que se sienta c\u00f3modo con la soluci\u00f3n recomendada, le proporcionaremos la mejor atenci\u00f3n dental de calidad utilizando las \u00faltimas t\u00e9cnicas, equipos de \u00faltima generaci\u00f3n y la m\u00e1s alta calidad y materiales m\u00e1s duraderos disponibles.<\/span><\/p>\n\n<p>Comencemos por crear esa bella sonrisa saludable que ha estado esperando por tanto tiempo.<\/p>\n\n<p><\/p>\n","protected":false},"excerpt":{"rendered":"<p>Cl\u00ednica Dental Sonr\u00eda En la Cl\u00ednica Dental Sonria, cada paciente recibe un servicio personalizado y soluciones dentales altamente personalizadas. Despu\u00e9s de conocerlo y realizar un an\u00e1lisis<span class=\"excerpt-hellip\"> [\u2026]<\/span><\/p>\n","protected":false},"author":2,"featured_media":0,"parent":0,"menu_order":0,"comment_status":"closed","ping_status":"closed","template":"","meta":{"footnotes":""},"class_list":["post-4500","page","type-page","status-publish","hentry"],"yoast_head":"<!-- This site is optimized with the Yoast SEO plugin v27.2 - https:\/\/yoast.com\/product\/yoast-seo-wordpress\/ -->\n<title>NUESTRA CL\u00cdNICA - Costa Rica Dental Implants at Sonria Dental Clinic<\/title>\n<meta name=\"robots\" content=\"index, follow, max-snippet:-1, max-image-preview:large, max-video-preview:-1\" \/>\n<link rel=\"canonical\" href=\"https:\/\/sonriacr.com\/es\/nuestra-clinica\/\" \/>\n<meta name=\"twitter:label1\" content=\"Tiempo de lectura\" \/>\n\t<meta name=\"twitter:data1\" content=\"1 minuto\" \/>\n<script type=\"application\/ld+json\" class=\"yoast-schema-graph\">{\"@context\":\"https:\/\/schema.org\",\"@graph\":[{\"@type\":\"WebPage\",\"@id\":\"https:\/\/sonriacr.com\/es\/nuestra-clinica\/\",\"url\":\"https:\/\/sonriacr.com\/es\/nuestra-clinica\/\",\"name\":\"NUESTRA CL\u00cdNICA - Costa Rica Dental Implants at Sonria Dental Clinic\",\"isPartOf\":{\"@id\":\"https:\/\/sonriacr.com\/es\/#website\"},\"primaryImageOfPage\":{\"@id\":\"https:\/\/sonriacr.com\/es\/nuestra-clinica\/#primaryimage\"},\"image\":{\"@id\":\"https:\/\/sonriacr.com\/es\/nuestra-clinica\/#primaryimage\"},\"thumbnailUrl\":\"https:\/\/sonriacr.com\/wp-content\/uploads\/2020\/07\/recepcion-1-683x1024.jpg\",\"datePublished\":\"2020-07-12T03:15:29+00:00\",\"dateModified\":\"2020-07-12T03:20:05+00:00\",\"breadcrumb\":{\"@id\":\"https:\/\/sonriacr.com\/es\/nuestra-clinica\/#breadcrumb\"},\"inLanguage\":\"es\",\"potentialAction\":[{\"@type\":\"ReadAction\",\"target\":[\"https:\/\/sonriacr.com\/es\/nuestra-clinica\/\"]}]},{\"@type\":\"ImageObject\",\"inLanguage\":\"es\",\"@id\":\"https:\/\/sonriacr.com\/es\/nuestra-clinica\/#primaryimage\",\"url\":\"https:\/\/sonriacr.com\/wp-content\/uploads\/2020\/07\/recepcion-1-683x1024.jpg\",\"contentUrl\":\"https:\/\/sonriacr.com\/wp-content\/uploads\/2020\/07\/recepcion-1-683x1024.jpg\"},{\"@type\":\"BreadcrumbList\",\"@id\":\"https:\/\/sonriacr.com\/es\/nuestra-clinica\/#breadcrumb\",\"itemListElement\":[{\"@type\":\"ListItem\",\"position\":1,\"name\":\"Home\",\"item\":\"https:\/\/sonriacr.com\/es\/\"},{\"@type\":\"ListItem\",\"position\":2,\"name\":\"NUESTRA CL\u00cdNICA\"}]},{\"@type\":\"WebSite\",\"@id\":\"https:\/\/sonriacr.com\/es\/#website\",\"url\":\"https:\/\/sonriacr.com\/es\/\",\"name\":\"Costa Rica Dental Implants at Sonria Dental Clinic\",\"description\":\"Costa Rica Dental Implants at Affordable Costa Rica Dental Prices - Sonria Dental Clinic\",\"publisher\":{\"@id\":\"https:\/\/sonriacr.com\/es\/#organization\"},\"potentialAction\":[{\"@type\":\"SearchAction\",\"target\":{\"@type\":\"EntryPoint\",\"urlTemplate\":\"https:\/\/sonriacr.com\/es\/?s={search_term_string}\"},\"query-input\":{\"@type\":\"PropertyValueSpecification\",\"valueRequired\":true,\"valueName\":\"search_term_string\"}}],\"inLanguage\":\"es\"},{\"@type\":\"Organization\",\"@id\":\"https:\/\/sonriacr.com\/es\/#organization\",\"name\":\"Sonria Dental Clinic\",\"url\":\"https:\/\/sonriacr.com\/es\/\",\"logo\":{\"@type\":\"ImageObject\",\"inLanguage\":\"es\",\"@id\":\"https:\/\/sonriacr.com\/es\/#\/schema\/logo\/image\/\",\"url\":\"https:\/\/sonriacr.com\/wp-content\/uploads\/2019\/06\/logosmall.png\",\"contentUrl\":\"https:\/\/sonriacr.com\/wp-content\/uploads\/2019\/06\/logosmall.png\",\"width\":166,\"height\":60,\"caption\":\"Sonria Dental Clinic\"},\"image\":{\"@id\":\"https:\/\/sonriacr.com\/es\/#\/schema\/logo\/image\/\"}}]}<\/script>\n<!-- \/ Yoast SEO plugin. -->","yoast_head_json":{"title":"NUESTRA CL\u00cdNICA - Costa Rica Dental Implants at Sonria Dental Clinic","robots":{"index":"index","follow":"follow","max-snippet":"max-snippet:-1","max-image-preview":"max-image-preview:large","max-video-preview":"max-video-preview:-1"},"canonical":"https:\/\/sonriacr.com\/es\/nuestra-clinica\/","twitter_misc":{"Tiempo de lectura":"1 minuto"},"schema":{"@context":"https:\/\/schema.org","@graph":[{"@type":"WebPage","@id":"https:\/\/sonriacr.com\/es\/nuestra-clinica\/","url":"https:\/\/sonriacr.com\/es\/nuestra-clinica\/","name":"NUESTRA CL\u00cdNICA - Costa Rica Dental Implants at Sonria Dental Clinic","isPartOf":{"@id":"https:\/\/sonriacr.com\/es\/#website"},"primaryImageOfPage":{"@id":"https:\/\/sonriacr.com\/es\/nuestra-clinica\/#primaryimage"},"image":{"@id":"https:\/\/sonriacr.com\/es\/nuestra-clinica\/#primaryimage"},"thumbnailUrl":"https:\/\/sonriacr.com\/wp-content\/uploads\/2020\/07\/recepcion-1-683x1024.jpg","datePublished":"2020-07-12T03:15:29+00:00","dateModified":"2020-07-12T03:20:05+00:00","breadcrumb":{"@id":"https:\/\/sonriacr.com\/es\/nuestra-clinica\/#breadcrumb"},"inLanguage":"es","potentialAction":[{"@type":"ReadAction","target":["https:\/\/sonriacr.com\/es\/nuestra-clinica\/"]}]},{"@type":"ImageObject","inLanguage":"es","@id":"https:\/\/sonriacr.com\/es\/nuestra-clinica\/#primaryimage","url":"https:\/\/sonriacr.com\/wp-content\/uploads\/2020\/07\/recepcion-1-683x1024.jpg","contentUrl":"https:\/\/sonriacr.com\/wp-content\/uploads\/2020\/07\/recepcion-1-683x1024.jpg"},{"@type":"BreadcrumbList","@id":"https:\/\/sonriacr.com\/es\/nuestra-clinica\/#breadcrumb","itemListElement":[{"@type":"ListItem","position":1,"name":"Home","item":"https:\/\/sonriacr.com\/es\/"},{"@type":"ListItem","position":2,"name":"NUESTRA CL\u00cdNICA"}]},{"@type":"WebSite","@id":"https:\/\/sonriacr.com\/es\/#website","url":"https:\/\/sonriacr.com\/es\/","name":"Costa Rica Dental Implants at Sonria Dental Clinic","description":"Costa Rica Dental Implants at Affordable Costa Rica Dental Prices - Sonria Dental Clinic","publisher":{"@id":"https:\/\/sonriacr.com\/es\/#organization"},"potentialAction":[{"@type":"SearchAction","target":{"@type":"EntryPoint","urlTemplate":"https:\/\/sonriacr.com\/es\/?s={search_term_string}"},"query-input":{"@type":"PropertyValueSpecification","valueRequired":true,"valueName":"search_term_string"}}],"inLanguage":"es"},{"@type":"Organization","@id":"https:\/\/sonriacr.com\/es\/#organization","name":"Sonria Dental Clinic","url":"https:\/\/sonriacr.com\/es\/","logo":{"@type":"ImageObject","inLanguage":"es","@id":"https:\/\/sonriacr.com\/es\/#\/schema\/logo\/image\/","url":"https:\/\/sonriacr.com\/wp-content\/uploads\/2019\/06\/logosmall.png","contentUrl":"https:\/\/sonriacr.com\/wp-content\/uploads\/2019\/06\/logosmall.png","width":166,"height":60,"caption":"Sonria Dental Clinic"},"image":{"@id":"https:\/\/sonriacr.com\/es\/#\/schema\/logo\/image\/"}}]}},"_links":{"self":[{"href":"https:\/\/sonriacr.com\/es\/wp-json\/wp\/v2\/pages\/4500","targetHints":{"allow":["GET"]}}],"collection":[{"href":"https:\/\/sonriacr.com\/es\/wp-json\/wp\/v2\/pages"}],"about":[{"href":"https:\/\/sonriacr.com\/es\/wp-json\/wp\/v2\/types\/page"}],"author":[{"embeddable":true,"href":"https:\/\/sonriacr.com\/es\/wp-json\/wp\/v2\/users\/2"}],"replies":[{"embeddable":true,"href":"https:\/\/sonriacr.com\/es\/wp-json\/wp\/v2\/comments?post=4500"}],"version-history":[{"count":0,"href":"https:\/\/sonriacr.com\/es\/wp-json\/wp\/v2\/pages\/4500\/revisions"}],"wp:attachment":[{"href":"https:\/\/sonriacr.com\/es\/wp-json\/wp\/v2\/media?parent=4500"}],"curies":[{"name":"wp","href":"https:\/\/api.w.org\/{rel}","templated":true}]}}